{"id":762,"date":"2024-03-12T17:12:51","date_gmt":"2024-03-12T16:12:51","guid":{"rendered":"https:\/\/fc2.em3design.it\/scuola-leonardo-da-vinci\/italian-exams-diplomas-and-certifications\/"},"modified":"2024-08-05T15:36:19","modified_gmt":"2024-08-05T13:36:19","slug":"italienischprufungen-diplome-und-zertifikate","status":"publish","type":"page","link":"https:\/\/www.italian-language-test.com\/de\/italienischprufungen-diplome-und-zertifikate\/","title":{"rendered":"Italienischpr\u00fcfungen, Diplome und Zertifikate"},"content":{"rendered":"<blockquote><p><span style=\"font-weight: 400;\">An der Scuola Leonardo da Vinci verfolgen wir deine Fortschritte genau. Die Kursleiter sind immer bereit, jeden Aspekt des Programms zu besprechen, um sicherzustellen, dass du alles so gut wie m\u00f6glich verstehst. Am Ende eines jeden Kurses und jeder Stufe bewerten wir deine Fortschritte mit einem schriftlichen Test. Hier findest du eine \u00dcbersicht \u00fcber die Zertifikate und Diplome:<\/span><\/p><\/blockquote>\n<p><b>Von der Scuola Leonardo da Vinci ausgestellte Zertifikate:\u00a0<\/b><span style=\"font-weight: 400;\">Unsere Zertifikate und Diplome werden weltweit von vielen Institutionen und Unternehmen anerkannt. Diese Bescheinigungen sind ein hervorragender Nachweis deiner Kenntnisse und deiner kommunikativen Kompetenz in der italienischen Sprache.<\/span><\/p>\n<p><b>Teilnahmebescheinigung:\u00a0<\/b><span style=\"font-weight: 400;\">Sie best\u00e4tigt die Teilnahme und wird am Ende jedes Kurses ausgestellt.<\/span><\/p>\n<p><b><a href=\"https:\/\/www.scuolaleonardo.com\/de\/vorbereitungskurse-auf-italienisch-zertifikate.html\" target=\"_blank\" rel=\"noopener\">AIL &#8216;Florenz&#8217; Diplome<\/a>:\u00a0<\/b><span style=\"font-weight: 400;\">Die Accademia di Lingua Italiana (AIL) ist eine professionelle Organisation, die eine hohe Qualit\u00e4t des Italienischunterrichts garantiert und f\u00f6rdert. Die Scuola Leonardo da Vinci ist eines der Zentren, die mit der AIL assoziiert sind und bietet die folgenden Diplome an:<\/span><\/p>\n<ul>\n<li><b><\/b><b>DELI-A2<\/b><span style=\"font-weight: 400;\">: Grundstufe<\/span><\/li>\n<li><b>DILI-B1<\/b>: Mittleres Niveau<\/li>\n<li><b>DILC-B1<\/b>: Handelsdiplom, mittleres Niveau<\/li>\n<li><b>DILI-B2:<\/b> Fortgeschrittene Mittelstufe<\/li>\n<li><b>DALI-C1<\/b>: Fortgeschrittene Stufe<\/li>\n<li><b>DALI-C2<\/b>: Fortgeschrittene Stufe, Niveau II<\/li>\n<\/ul>\n<p><b>CILS- Zertifikate:\u00a0<\/b><span style=\"font-weight: 400;\">Die Scuola Leonardo da Vinci ist ein anerkanntes Zentrum f\u00fcr CILS- Pr\u00fcfungen, das von der Universit\u00e4t f\u00fcr Ausl\u00e4nder in Siena zugelassen ist. Die CILS-Zertifizierung ist in verschiedene Kompetenzniveaus gem\u00e4\u00df dem Gemeinsamen Europ\u00e4ischen Referenzrahmen f\u00fcr Sprachen (CEFR) unterteilt:<\/span><\/p>\n<ul>\n<li><b>A1-A2:<\/b><span style=\"font-weight: 400;\"> Grundstufe<\/span><\/li>\n<li><b>B1-B2: <\/b>Selbst\u00e4ndige Sprachverwendung. Es besteht die M\u00f6glichkeit, an unseren Schulen die Pr\u00fcfung CILS B1 abzulegen, die f\u00fcr die Beantragung der italienischen Staatsb\u00fcrgerschaft erforderlich ist, und wir bieten auch spezielle Vorbereitungskurse an<\/li>\n<li><b>C1-C2: <\/b>Fachkundige Sprachkenntnisse Jede Stufe bewertet die Sprachkenntnisse in den Bereichen Leseverstehen, H\u00f6rverstehen, schriftliche und m\u00fcndliche Ausdrucksf\u00e4higkeit. Um die Pr\u00fcfung zu bestehen und das Zertifikat zu erhalten, musst du in allen Bereichen eine ausreichende Punktzahl erreichen. Wird die Mindestpunktzahl in einzelnen Abschnitten nicht erreicht, ist es m\u00f6glich, die betreffenden Pr\u00fcfungsteile innerhalb eines Jahres zu wiederholen<\/li>\n<\/ul>\n<p><b><a href=\"https:\/\/www.scuolaleonardo.com\/de\/vorbereitungskurse-auf-italienisch-zertifikate-cils.html\" target=\"_blank\" rel=\"noopener\">Vorbereitung auf die CILS-Pr\u00fcfung<\/a>:\u00a0<\/b><span style=\"font-weight: 400;\">Die Scuola Leonardo da Vinci organisiert spezielle Kurse f\u00fcr alle, die das CILS Diplom erwerben m\u00f6chten. Diese Kurse finden in den Wochen vor den Pr\u00fcfungsterminen statt und bieten eine gr\u00fcndliche Vorbereitung auf die verschiedenen erforderlichen Kompetenzen. Die Vorbereitung umfasst:<\/span><\/p>\n<ul>\n<li>Analyse- und Pr\u00fcfungstests<span style=\"font-weight: 400;\">: \u00dcberblick \u00fcber die verschiedenen Pr\u00fcfungsteile mit praktischen \u00dcbungen.<\/span><\/li>\n<li>Hinweise: Die vom Lehrer identifizierten Kernpunkte werden anhand von Beispieltests und Wiederholungs\u00fcbungen systematisch bearbeitet.<\/li>\n<\/ul>\n<p><b>Andere italienische Sprachzertifikate:\u00a0<\/b><span style=\"font-weight: 400;\">Neben der CILS-Zertifizierung bietet die Scuola Leonardo da Vinci auch ma\u00dfgeschneiderte Vorbereitungskurse f\u00fcr andere Sprachzertifikate wie z.B.:<\/span><\/p>\n<ul>\n<li>CELI (Perugia)<\/li>\n<li>Zertifikat Italienisch als L2 (Rom)<\/li>\n<\/ul>\n<p><span style=\"font-weight: 400;\">Diese Zertifikate sind offiziell anerkannt und bieten eine wertvolle Grundlage sowohl f\u00fcr die berufliche als auch f\u00fcr die akademische Weiterentwicklung.<\/span><\/p>\n<p><b><a href=\"https:\/\/www.scuolaleonardo.com\/de\/berufskurse\/kurse-fuer-italienischlehrer.html\" target=\"_blank\" rel=\"noopener\">Kurse f\u00fcr Italienisch-Lehrer<\/a>:\u00a0<\/b><span style=\"font-weight: 400;\">Die Scuola Leonardo da Vinci ist ein von der Universit\u00e4t Siena anerkanntes Zentrum f\u00fcr die DITALS-Pr\u00fcfung. Unser Angebot richtet sich an Lehrkr\u00e4fte, die ihre Unterrichtstechniken perfektionieren und auf dem neuesten Stand bleiben m\u00f6chten. Unsere Lehrerausbildung umfasst die Theorie und Praxis des Unterrichts von Italienisch als Fremdsprache, Phonetik und die Vorbereitung auf die DITALS-Pr\u00fcfung.<\/span><\/p>\n<p><b>Erasmus Plus:\u00a0<\/b><span style=\"font-weight: 400;\">Die Leonardo-da-Vinci-Schule kooperiert im Rahmen des Erasmus+ Programms mit europ\u00e4ischen Schulen und unterst\u00fctzt die Mobilit\u00e4t des Schulpersonals zur beruflichen Weiterentwicklung von Lehrern. Weitere Einzelheiten dazu sind auf der <\/span><span style=\"font-weight: 400;\">Erasmus+ <\/span><span style=\"font-weight: 400;\">Website zu finden.<\/span><\/p>\n<p><span style=\"font-weight: 400;\"><strong>Kontaktiere uns f\u00fcr weitere Infos:<\/strong>\u00a0<\/span><span style=\"font-weight: 400;\">Hast du noch Fragen zu unseren Pr\u00fcfungen und Vorbereitungskursen? Du kannst dich jederzeit bei uns melden. Wir helfen dir gerne, deine Ziele beim Erlernen der italienischen Sprache zu erreichen.<\/span><\/p>\n","protected":false},"excerpt":{"rendered":"<p>An der Scuola Leonardo da Vinci verfolgen wir deine Fortschritte genau. Die Kursleiter sind immer bereit, jeden Aspekt des Programms zu besprechen, um sicherzustellen, dass du alles so gut wie m\u00f6glich verstehst. Am Ende eines jeden Kurses und jeder Stufe bewerten wir deine Fortschritte mit einem schriftlichen Test. Hier findest du eine \u00dcbersicht \u00fcber die [&hellip;]<\/p>\n","protected":false},"author":3,"featured_media":0,"parent":0,"menu_order":0,"comment_status":"closed","ping_status":"closed","template":"","meta":{"_et_pb_use_builder":"","_et_pb_old_content":"","_et_gb_content_width":"","footnotes":""},"class_list":["post-762","page","type-page","status-publish","hentry"],"yoast_head":"<!-- This site is optimized with the Yoast SEO plugin v24.2 - https:\/\/yoast.com\/wordpress\/plugins\/seo\/ -->\n<title>Italienischpr\u00fcfungen, Diplome und Zertifikate - Free Italian language level test<\/title>\n<meta name=\"description\" content=\"At Scuola Leonardo da Vinci, we closely follow your progress. Teachers are always ready to discuss every aspect of the program.\" \/>\n<meta name=\"robots\" content=\"index, follow, max-snippet:-1, max-image-preview:large, max-video-preview:-1\" \/>\n<link rel=\"canonical\" href=\"https:\/\/www.italian-language-test.com\/de\/italienischprufungen-diplome-und-zertifikate\/\" \/>\n<meta property=\"og:locale\" content=\"de_DE\" \/>\n<meta property=\"og:type\" content=\"article\" \/>\n<meta property=\"og:title\" content=\"Italienischpr\u00fcfungen, Diplome und Zertifikate - Free Italian language level test\" \/>\n<meta property=\"og:description\" content=\"At Scuola Leonardo da Vinci, we closely follow your progress. Teachers are always ready to discuss every aspect of the program.\" \/>\n<meta property=\"og:url\" content=\"https:\/\/www.italian-language-test.com\/de\/italienischprufungen-diplome-und-zertifikate\/\" \/>\n<meta property=\"og:site_name\" content=\"Free Italian language level test\" \/>\n<meta property=\"article:publisher\" content=\"https:\/\/www.facebook.com\/scuolaleonardoitaly\" \/>\n<meta property=\"article:modified_time\" content=\"2024-08-05T13:36:19+00:00\" \/>\n<meta name=\"twitter:card\" content=\"summary_large_image\" \/>\n<meta name=\"twitter:label1\" content=\"Gesch\u00e4tzte Lesezeit\" \/>\n\t<meta name=\"twitter:data1\" content=\"3\u00a0Minuten\" \/>\n<script type=\"application\/ld+json\" class=\"yoast-schema-graph\">{\"@context\":\"https:\/\/schema.org\",\"@graph\":[{\"@type\":\"WebPage\",\"@id\":\"https:\/\/www.italian-language-test.com\/de\/italienischprufungen-diplome-und-zertifikate\/\",\"url\":\"https:\/\/www.italian-language-test.com\/de\/italienischprufungen-diplome-und-zertifikate\/\",\"name\":\"Italienischpr\u00fcfungen, Diplome und Zertifikate - Free Italian language level test\",\"isPartOf\":{\"@id\":\"https:\/\/www.italian-language-test.com\/de\/#website\"},\"datePublished\":\"2024-03-12T16:12:51+00:00\",\"dateModified\":\"2024-08-05T13:36:19+00:00\",\"description\":\"At Scuola Leonardo da Vinci, we closely follow your progress. Teachers are always ready to discuss every aspect of the program.\",\"breadcrumb\":{\"@id\":\"https:\/\/www.italian-language-test.com\/de\/italienischprufungen-diplome-und-zertifikate\/#breadcrumb\"},\"inLanguage\":\"de\",\"potentialAction\":[{\"@type\":\"ReadAction\",\"target\":[\"https:\/\/www.italian-language-test.com\/de\/italienischprufungen-diplome-und-zertifikate\/\"]}]},{\"@type\":\"BreadcrumbList\",\"@id\":\"https:\/\/www.italian-language-test.com\/de\/italienischprufungen-diplome-und-zertifikate\/#breadcrumb\",\"itemListElement\":[{\"@type\":\"ListItem\",\"position\":1,\"name\":\"Home\",\"item\":\"https:\/\/www.italian-language-test.com\/de\/\"},{\"@type\":\"ListItem\",\"position\":2,\"name\":\"Italienischpr\u00fcfungen, Diplome und Zertifikate\"}]},{\"@type\":\"WebSite\",\"@id\":\"https:\/\/www.italian-language-test.com\/de\/#website\",\"url\":\"https:\/\/www.italian-language-test.com\/de\/\",\"name\":\"Free Italian language level test\",\"description\":\"Test your Italian online\",\"publisher\":{\"@id\":\"https:\/\/www.italian-language-test.com\/de\/#organization\"},\"potentialAction\":[{\"@type\":\"SearchAction\",\"target\":{\"@type\":\"EntryPoint\",\"urlTemplate\":\"https:\/\/www.italian-language-test.com\/de\/?s={search_term_string}\"},\"query-input\":{\"@type\":\"PropertyValueSpecification\",\"valueRequired\":true,\"valueName\":\"search_term_string\"}}],\"inLanguage\":\"de\"},{\"@type\":\"Organization\",\"@id\":\"https:\/\/www.italian-language-test.com\/de\/#organization\",\"name\":\"Scuola Leonardo da Vinci\",\"url\":\"https:\/\/www.italian-language-test.com\/de\/\",\"logo\":{\"@type\":\"ImageObject\",\"inLanguage\":\"de\",\"@id\":\"https:\/\/www.italian-language-test.com\/de\/#\/schema\/logo\/image\/\",\"url\":\"https:\/\/www.italian-language-test.com\/wp-content\/uploads\/2024\/07\/Test-Your-Italian-EN.jpg\",\"contentUrl\":\"https:\/\/www.italian-language-test.com\/wp-content\/uploads\/2024\/07\/Test-Your-Italian-EN.jpg\",\"width\":800,\"height\":800,\"caption\":\"Scuola Leonardo da Vinci\"},\"image\":{\"@id\":\"https:\/\/www.italian-language-test.com\/de\/#\/schema\/logo\/image\/\"},\"sameAs\":[\"https:\/\/www.facebook.com\/scuolaleonardoitaly\",\"https:\/\/www.instagram.com\/scuolaleonardoitaly\",\"https:\/\/www.youtube.com\/@italianinitaly\"]}]}<\/script>\n<!-- \/ Yoast SEO plugin. -->","yoast_head_json":{"title":"Italienischpr\u00fcfungen, Diplome und Zertifikate - Free Italian language level test","description":"At Scuola Leonardo da Vinci, we closely follow your progress. Teachers are always ready to discuss every aspect of the program.","robots":{"index":"index","follow":"follow","max-snippet":"max-snippet:-1","max-image-preview":"max-image-preview:large","max-video-preview":"max-video-preview:-1"},"canonical":"https:\/\/www.italian-language-test.com\/de\/italienischprufungen-diplome-und-zertifikate\/","og_locale":"de_DE","og_type":"article","og_title":"Italienischpr\u00fcfungen, Diplome und Zertifikate - Free Italian language level test","og_description":"At Scuola Leonardo da Vinci, we closely follow your progress. Teachers are always ready to discuss every aspect of the program.","og_url":"https:\/\/www.italian-language-test.com\/de\/italienischprufungen-diplome-und-zertifikate\/","og_site_name":"Free Italian language level test","article_publisher":"https:\/\/www.facebook.com\/scuolaleonardoitaly","article_modified_time":"2024-08-05T13:36:19+00:00","twitter_card":"summary_large_image","twitter_misc":{"Gesch\u00e4tzte Lesezeit":"3\u00a0Minuten"},"schema":{"@context":"https:\/\/schema.org","@graph":[{"@type":"WebPage","@id":"https:\/\/www.italian-language-test.com\/de\/italienischprufungen-diplome-und-zertifikate\/","url":"https:\/\/www.italian-language-test.com\/de\/italienischprufungen-diplome-und-zertifikate\/","name":"Italienischpr\u00fcfungen, Diplome und Zertifikate - Free Italian language level test","isPartOf":{"@id":"https:\/\/www.italian-language-test.com\/de\/#website"},"datePublished":"2024-03-12T16:12:51+00:00","dateModified":"2024-08-05T13:36:19+00:00","description":"At Scuola Leonardo da Vinci, we closely follow your progress. Teachers are always ready to discuss every aspect of the program.","breadcrumb":{"@id":"https:\/\/www.italian-language-test.com\/de\/italienischprufungen-diplome-und-zertifikate\/#breadcrumb"},"inLanguage":"de","potentialAction":[{"@type":"ReadAction","target":["https:\/\/www.italian-language-test.com\/de\/italienischprufungen-diplome-und-zertifikate\/"]}]},{"@type":"BreadcrumbList","@id":"https:\/\/www.italian-language-test.com\/de\/italienischprufungen-diplome-und-zertifikate\/#breadcrumb","itemListElement":[{"@type":"ListItem","position":1,"name":"Home","item":"https:\/\/www.italian-language-test.com\/de\/"},{"@type":"ListItem","position":2,"name":"Italienischpr\u00fcfungen, Diplome und Zertifikate"}]},{"@type":"WebSite","@id":"https:\/\/www.italian-language-test.com\/de\/#website","url":"https:\/\/www.italian-language-test.com\/de\/","name":"Free Italian language level test","description":"Test your Italian online","publisher":{"@id":"https:\/\/www.italian-language-test.com\/de\/#organization"},"potentialAction":[{"@type":"SearchAction","target":{"@type":"EntryPoint","urlTemplate":"https:\/\/www.italian-language-test.com\/de\/?s={search_term_string}"},"query-input":{"@type":"PropertyValueSpecification","valueRequired":true,"valueName":"search_term_string"}}],"inLanguage":"de"},{"@type":"Organization","@id":"https:\/\/www.italian-language-test.com\/de\/#organization","name":"Scuola Leonardo da Vinci","url":"https:\/\/www.italian-language-test.com\/de\/","logo":{"@type":"ImageObject","inLanguage":"de","@id":"https:\/\/www.italian-language-test.com\/de\/#\/schema\/logo\/image\/","url":"https:\/\/www.italian-language-test.com\/wp-content\/uploads\/2024\/07\/Test-Your-Italian-EN.jpg","contentUrl":"https:\/\/www.italian-language-test.com\/wp-content\/uploads\/2024\/07\/Test-Your-Italian-EN.jpg","width":800,"height":800,"caption":"Scuola Leonardo da Vinci"},"image":{"@id":"https:\/\/www.italian-language-test.com\/de\/#\/schema\/logo\/image\/"},"sameAs":["https:\/\/www.facebook.com\/scuolaleonardoitaly","https:\/\/www.instagram.com\/scuolaleonardoitaly","https:\/\/www.youtube.com\/@italianinitaly"]}]}},"_links":{"self":[{"href":"https:\/\/www.italian-language-test.com\/de\/wp-json\/wp\/v2\/pages\/762","targetHints":{"allow":["GET"]}}],"collection":[{"href":"https:\/\/www.italian-language-test.com\/de\/wp-json\/wp\/v2\/pages"}],"about":[{"href":"https:\/\/www.italian-language-test.com\/de\/wp-json\/wp\/v2\/types\/page"}],"author":[{"embeddable":true,"href":"https:\/\/www.italian-language-test.com\/de\/wp-json\/wp\/v2\/users\/3"}],"replies":[{"embeddable":true,"href":"https:\/\/www.italian-language-test.com\/de\/wp-json\/wp\/v2\/comments?post=762"}],"version-history":[{"count":4,"href":"https:\/\/www.italian-language-test.com\/de\/wp-json\/wp\/v2\/pages\/762\/revisions"}],"predecessor-version":[{"id":780,"href":"https:\/\/www.italian-language-test.com\/de\/wp-json\/wp\/v2\/pages\/762\/revisions\/780"}],"wp:attachment":[{"href":"https:\/\/www.italian-language-test.com\/de\/wp-json\/wp\/v2\/media?parent=762"}],"curies":[{"name":"wp","href":"https:\/\/api.w.org\/{rel}","templated":true}]}}