{"id":730,"date":"2024-03-12T17:10:01","date_gmt":"2024-03-12T16:10:01","guid":{"rendered":"https:\/\/fc2.em3design.it\/scuola-leonardo-da-vinci\/?page_id=730"},"modified":"2024-08-05T11:59:15","modified_gmt":"2024-08-05T09:59:15","slug":"pourquoi-etudier-litalien","status":"publish","type":"page","link":"https:\/\/www.italian-language-test.com\/fr\/pourquoi-etudier-litalien\/","title":{"rendered":"Pourquoi \u00e9tudier l\u2019italien ?"},"content":{"rendered":"<p>Etudier l\u2019italien ouvre beaucoup de portes au niveau professionnel mais aussi culturel.\u00a0L\u2019italien est la langue de l\u2019art, de la musique, de la cuisine et de la mode. Apprendre l\u2019italien permet d\u2019appr\u00e9cier pleinement des \u0153uvres litt\u00e9raires, des films et des chansons dans leur langue d\u2019origine, mais aussi de vivre des exp\u00e9riences authentiques en Italie. Avec la <a href=\"https:\/\/www.scuolaleonardo.com\/fr\/\" target=\"_blank\" rel=\"noopener\">Scuola Leonardo da Vinci<\/a>, vous aurez la possibilit\u00e9 de vous immerger compl\u00e8tement dans la langue et la culture italiennes en am\u00e9liorant rapidement vos connaissances de la langue dans un environnement d\u2019apprentissage stimulant et int\u00e9ractif.<\/p>\n<p>Nous proposons des cours de qualit\u00e9 toute l\u2019ann\u00e9e, adapt\u00e9s \u00e0 tous les niveaux et toutes les exigences, de d\u00e9butant \u00e0 professionnel. Nos cours pour d\u00e9butants commencent tous les lundis et vous pouvez choisir de rester autant que vous le souhaitez. Nos \u00e9coles \u00e0 <a href=\"https:\/\/www.scuolaleonardo.com\/fr\/apprendre-italien-florence.html\" target=\"_blank\" rel=\"noopener\">Florence<\/a>, <a href=\"https:\/\/www.scuolaleonardo.com\/fr\/apprendre-italien-milan.html\" target=\"_blank\" rel=\"noopener\">Milan<\/a>, <a href=\"https:\/\/www.scuolaleonardo.com\/fr\/apprendre-italien-rome.html\" target=\"_blank\" rel=\"noopener\">Rome<\/a>, <a href=\"https:\/\/www.scuolaleonardo.com\/fr\/turin\/apprendre-italien-turin.html\" target=\"_blank\" rel=\"noopener\">Turin<\/a> et <a href=\"https:\/\/www.scuolaleonardo.com\/fr\/apprendre-italien-a-viareggio.html\" target=\"_blank\" rel=\"noopener\">Viareggio<\/a> vous permettent de vivre et \u00e9tudier dans certaines des villes les plus fascinantes d\u2019Italie.<\/p>\n<p><a href=\"https:\/\/www.scuolaleonardo.com\/fr\/apprendre-italien-en-italie.html\" target=\"_blank\" rel=\"noopener\">Etudier en Italie<\/a> vous permettra de parler et d\u2019\u00e9couter de l\u2019italien toute la journ\u00e9e et ainsi d\u2019apprendre la langue italienne rapidement.<\/p>\n","protected":false},"excerpt":{"rendered":"<p>Etudier l\u2019italien ouvre beaucoup de portes au niveau professionnel mais aussi culturel.\u00a0L\u2019italien est la langue de l\u2019art, de la musique, de la cuisine et de la mode. Apprendre l\u2019italien permet d\u2019appr\u00e9cier pleinement des \u0153uvres litt\u00e9raires, des films et des chansons dans leur langue d\u2019origine, mais aussi de vivre des exp\u00e9riences authentiques en Italie. Avec la [&hellip;]<\/p>\n","protected":false},"author":2,"featured_media":0,"parent":0,"menu_order":0,"comment_status":"closed","ping_status":"closed","template":"","meta":{"_et_pb_use_builder":"","_et_pb_old_content":"","_et_gb_content_width":"","footnotes":""},"class_list":["post-730","page","type-page","status-publish","hentry"],"yoast_head":"<!-- This site is optimized with the Yoast SEO plugin v24.2 - https:\/\/yoast.com\/wordpress\/plugins\/seo\/ -->\n<title>Pourquoi \u00e9tudier l\u2019italien ? - Free Italian language level test<\/title>\n<meta name=\"robots\" content=\"index, follow, max-snippet:-1, max-image-preview:large, max-video-preview:-1\" \/>\n<link rel=\"canonical\" href=\"https:\/\/www.italian-language-test.com\/fr\/pourquoi-etudier-litalien\/\" \/>\n<meta property=\"og:locale\" content=\"fr_FR\" \/>\n<meta property=\"og:type\" content=\"article\" \/>\n<meta property=\"og:title\" content=\"Pourquoi \u00e9tudier l\u2019italien ? - Free Italian language level test\" \/>\n<meta property=\"og:description\" content=\"Etudier l\u2019italien ouvre beaucoup de portes au niveau professionnel mais aussi culturel.\u00a0L\u2019italien est la langue de l\u2019art, de la musique, de la cuisine et de la mode. Apprendre l\u2019italien permet d\u2019appr\u00e9cier pleinement des \u0153uvres litt\u00e9raires, des films et des chansons dans leur langue d\u2019origine, mais aussi de vivre des exp\u00e9riences authentiques en Italie. Avec la [&hellip;]\" \/>\n<meta property=\"og:url\" content=\"https:\/\/www.italian-language-test.com\/fr\/pourquoi-etudier-litalien\/\" \/>\n<meta property=\"og:site_name\" content=\"Free Italian language level test\" \/>\n<meta property=\"article:publisher\" content=\"https:\/\/www.facebook.com\/scuolaleonardoitaly\" \/>\n<meta property=\"article:modified_time\" content=\"2024-08-05T09:59:15+00:00\" \/>\n<meta name=\"twitter:card\" content=\"summary_large_image\" \/>\n<meta name=\"twitter:label1\" content=\"Dur\u00e9e de lecture estim\u00e9e\" \/>\n\t<meta name=\"twitter:data1\" content=\"1 minute\" \/>\n<script type=\"application\/ld+json\" class=\"yoast-schema-graph\">{\"@context\":\"https:\/\/schema.org\",\"@graph\":[{\"@type\":\"WebPage\",\"@id\":\"https:\/\/www.italian-language-test.com\/fr\/pourquoi-etudier-litalien\/\",\"url\":\"https:\/\/www.italian-language-test.com\/fr\/pourquoi-etudier-litalien\/\",\"name\":\"Pourquoi \u00e9tudier l\u2019italien ? - Free Italian language level test\",\"isPartOf\":{\"@id\":\"https:\/\/www.italian-language-test.com\/fr\/#website\"},\"datePublished\":\"2024-03-12T16:10:01+00:00\",\"dateModified\":\"2024-08-05T09:59:15+00:00\",\"breadcrumb\":{\"@id\":\"https:\/\/www.italian-language-test.com\/fr\/pourquoi-etudier-litalien\/#breadcrumb\"},\"inLanguage\":\"fr-FR\",\"potentialAction\":[{\"@type\":\"ReadAction\",\"target\":[\"https:\/\/www.italian-language-test.com\/fr\/pourquoi-etudier-litalien\/\"]}]},{\"@type\":\"BreadcrumbList\",\"@id\":\"https:\/\/www.italian-language-test.com\/fr\/pourquoi-etudier-litalien\/#breadcrumb\",\"itemListElement\":[{\"@type\":\"ListItem\",\"position\":1,\"name\":\"Home\",\"item\":\"https:\/\/www.italian-language-test.com\/fr\/\"},{\"@type\":\"ListItem\",\"position\":2,\"name\":\"Pourquoi \u00e9tudier l\u2019italien ?\"}]},{\"@type\":\"WebSite\",\"@id\":\"https:\/\/www.italian-language-test.com\/fr\/#website\",\"url\":\"https:\/\/www.italian-language-test.com\/fr\/\",\"name\":\"Free Italian language level test\",\"description\":\"Test your Italian online\",\"publisher\":{\"@id\":\"https:\/\/www.italian-language-test.com\/fr\/#organization\"},\"potentialAction\":[{\"@type\":\"SearchAction\",\"target\":{\"@type\":\"EntryPoint\",\"urlTemplate\":\"https:\/\/www.italian-language-test.com\/fr\/?s={search_term_string}\"},\"query-input\":{\"@type\":\"PropertyValueSpecification\",\"valueRequired\":true,\"valueName\":\"search_term_string\"}}],\"inLanguage\":\"fr-FR\"},{\"@type\":\"Organization\",\"@id\":\"https:\/\/www.italian-language-test.com\/fr\/#organization\",\"name\":\"Scuola Leonardo da Vinci\",\"url\":\"https:\/\/www.italian-language-test.com\/fr\/\",\"logo\":{\"@type\":\"ImageObject\",\"inLanguage\":\"fr-FR\",\"@id\":\"https:\/\/www.italian-language-test.com\/fr\/#\/schema\/logo\/image\/\",\"url\":\"https:\/\/www.italian-language-test.com\/wp-content\/uploads\/2024\/07\/Test-Your-Italian-EN.jpg\",\"contentUrl\":\"https:\/\/www.italian-language-test.com\/wp-content\/uploads\/2024\/07\/Test-Your-Italian-EN.jpg\",\"width\":800,\"height\":800,\"caption\":\"Scuola Leonardo da Vinci\"},\"image\":{\"@id\":\"https:\/\/www.italian-language-test.com\/fr\/#\/schema\/logo\/image\/\"},\"sameAs\":[\"https:\/\/www.facebook.com\/scuolaleonardoitaly\",\"https:\/\/www.instagram.com\/scuolaleonardoitaly\",\"https:\/\/www.youtube.com\/@italianinitaly\"]}]}<\/script>\n<!-- \/ Yoast SEO plugin. -->","yoast_head_json":{"title":"Pourquoi \u00e9tudier l\u2019italien ? - Free Italian language level test","robots":{"index":"index","follow":"follow","max-snippet":"max-snippet:-1","max-image-preview":"max-image-preview:large","max-video-preview":"max-video-preview:-1"},"canonical":"https:\/\/www.italian-language-test.com\/fr\/pourquoi-etudier-litalien\/","og_locale":"fr_FR","og_type":"article","og_title":"Pourquoi \u00e9tudier l\u2019italien ? - Free Italian language level test","og_description":"Etudier l\u2019italien ouvre beaucoup de portes au niveau professionnel mais aussi culturel.\u00a0L\u2019italien est la langue de l\u2019art, de la musique, de la cuisine et de la mode. Apprendre l\u2019italien permet d\u2019appr\u00e9cier pleinement des \u0153uvres litt\u00e9raires, des films et des chansons dans leur langue d\u2019origine, mais aussi de vivre des exp\u00e9riences authentiques en Italie. Avec la [&hellip;]","og_url":"https:\/\/www.italian-language-test.com\/fr\/pourquoi-etudier-litalien\/","og_site_name":"Free Italian language level test","article_publisher":"https:\/\/www.facebook.com\/scuolaleonardoitaly","article_modified_time":"2024-08-05T09:59:15+00:00","twitter_card":"summary_large_image","twitter_misc":{"Dur\u00e9e de lecture estim\u00e9e":"1 minute"},"schema":{"@context":"https:\/\/schema.org","@graph":[{"@type":"WebPage","@id":"https:\/\/www.italian-language-test.com\/fr\/pourquoi-etudier-litalien\/","url":"https:\/\/www.italian-language-test.com\/fr\/pourquoi-etudier-litalien\/","name":"Pourquoi \u00e9tudier l\u2019italien ? - Free Italian language level test","isPartOf":{"@id":"https:\/\/www.italian-language-test.com\/fr\/#website"},"datePublished":"2024-03-12T16:10:01+00:00","dateModified":"2024-08-05T09:59:15+00:00","breadcrumb":{"@id":"https:\/\/www.italian-language-test.com\/fr\/pourquoi-etudier-litalien\/#breadcrumb"},"inLanguage":"fr-FR","potentialAction":[{"@type":"ReadAction","target":["https:\/\/www.italian-language-test.com\/fr\/pourquoi-etudier-litalien\/"]}]},{"@type":"BreadcrumbList","@id":"https:\/\/www.italian-language-test.com\/fr\/pourquoi-etudier-litalien\/#breadcrumb","itemListElement":[{"@type":"ListItem","position":1,"name":"Home","item":"https:\/\/www.italian-language-test.com\/fr\/"},{"@type":"ListItem","position":2,"name":"Pourquoi \u00e9tudier l\u2019italien ?"}]},{"@type":"WebSite","@id":"https:\/\/www.italian-language-test.com\/fr\/#website","url":"https:\/\/www.italian-language-test.com\/fr\/","name":"Free Italian language level test","description":"Test your Italian online","publisher":{"@id":"https:\/\/www.italian-language-test.com\/fr\/#organization"},"potentialAction":[{"@type":"SearchAction","target":{"@type":"EntryPoint","urlTemplate":"https:\/\/www.italian-language-test.com\/fr\/?s={search_term_string}"},"query-input":{"@type":"PropertyValueSpecification","valueRequired":true,"valueName":"search_term_string"}}],"inLanguage":"fr-FR"},{"@type":"Organization","@id":"https:\/\/www.italian-language-test.com\/fr\/#organization","name":"Scuola Leonardo da Vinci","url":"https:\/\/www.italian-language-test.com\/fr\/","logo":{"@type":"ImageObject","inLanguage":"fr-FR","@id":"https:\/\/www.italian-language-test.com\/fr\/#\/schema\/logo\/image\/","url":"https:\/\/www.italian-language-test.com\/wp-content\/uploads\/2024\/07\/Test-Your-Italian-EN.jpg","contentUrl":"https:\/\/www.italian-language-test.com\/wp-content\/uploads\/2024\/07\/Test-Your-Italian-EN.jpg","width":800,"height":800,"caption":"Scuola Leonardo da Vinci"},"image":{"@id":"https:\/\/www.italian-language-test.com\/fr\/#\/schema\/logo\/image\/"},"sameAs":["https:\/\/www.facebook.com\/scuolaleonardoitaly","https:\/\/www.instagram.com\/scuolaleonardoitaly","https:\/\/www.youtube.com\/@italianinitaly"]}]}},"_links":{"self":[{"href":"https:\/\/www.italian-language-test.com\/fr\/wp-json\/wp\/v2\/pages\/730","targetHints":{"allow":["GET"]}}],"collection":[{"href":"https:\/\/www.italian-language-test.com\/fr\/wp-json\/wp\/v2\/pages"}],"about":[{"href":"https:\/\/www.italian-language-test.com\/fr\/wp-json\/wp\/v2\/types\/page"}],"author":[{"embeddable":true,"href":"https:\/\/www.italian-language-test.com\/fr\/wp-json\/wp\/v2\/users\/2"}],"replies":[{"embeddable":true,"href":"https:\/\/www.italian-language-test.com\/fr\/wp-json\/wp\/v2\/comments?post=730"}],"version-history":[{"count":1,"href":"https:\/\/www.italian-language-test.com\/fr\/wp-json\/wp\/v2\/pages\/730\/revisions"}],"predecessor-version":[{"id":731,"href":"https:\/\/www.italian-language-test.com\/fr\/wp-json\/wp\/v2\/pages\/730\/revisions\/731"}],"wp:attachment":[{"href":"https:\/\/www.italian-language-test.com\/fr\/wp-json\/wp\/v2\/media?parent=730"}],"curies":[{"name":"wp","href":"https:\/\/api.w.org\/{rel}","templated":true}]}}