{"id":771,"date":"2024-03-12T17:12:51","date_gmt":"2024-03-12T16:12:51","guid":{"rendered":"https:\/\/fc2.em3design.it\/scuola-leonardo-da-vinci\/?page_id=771"},"modified":"2024-08-05T17:05:19","modified_gmt":"2024-08-05T15:05:19","slug":"examens-diplomes-et-certifications-en-italien","status":"publish","type":"page","link":"https:\/\/www.italian-language-test.com\/fr\/examens-diplomes-et-certifications-en-italien\/","title":{"rendered":"Examens, dipl\u00f4mes et certifications en italien"},"content":{"rendered":"<blockquote><p><span style=\"font-weight: 400;\">A la Scuola Leonardo da Vinci, nous suivons de pr\u00e8s vos progr\u00e8s. Les enseignants sont toujours pr\u00eats \u00e0 discuter de chaque aspect du programme afin de s\u2019assurer que vous comprenez tout parfaitement. A la fin de chaque cours et de chaque niveau, nous \u00e9valuerons vos progr\u00e8s avec un test \u00e9crit. Ci-dessous les diff\u00e9rents certificats et dipl\u00f4mes que vous pouvez obtenir :\u00a0<\/span><\/p><\/blockquote>\n<p><span style=\"font-weight: 400;\"><strong>Certificats d\u00e9livr\u00e9s par la Scuola Leonardo da Vinci:<\/strong>\u00a0<\/span><span style=\"font-weight: 400;\">Gr\u00e2ce \u00e0 notre r\u00e9seau international, beaucoup d\u2019instituts et d\u2019entreprises du monde entier reconnaissent les certificats et dipl\u00f4mes d\u00e9livr\u00e9s par la Scuola Leonardo da Vinci. <\/span><span style=\"font-weight: 400;\"><br \/>\n<\/span><span style=\"font-weight: 400;\">Ces qualifications repr\u00e9sentent une excellente d\u00e9monstration de vos comp\u00e9tences et connaissances pour communiquer en italien.\u00a0<\/span><\/p>\n<p><strong>Certificat de participation: <\/strong><span style=\"font-weight: 400;\">Atteste de la participation au cours et est d\u00e9livr\u00e9 \u00e0 la fin de chaque cours.\u00a0<\/span><\/p>\n<p><span style=\"font-weight: 400;\"><strong><a href=\"https:\/\/www.scuolaleonardo.com\/fr\/cours-preparation-examens-italien.html\" target=\"_blank\" rel=\"noopener\">Dipl\u00f4mes AIL \u201cFirenze\u201d<\/a>:<\/strong>\u00a0<\/span><span style=\"font-weight: 400;\">L&#8217;Acad\u00e9mie de Langue Italienne (AIL) est une organisation professionnelle qui garantit et promeut l\u2019enseignement de qualit\u00e9 de la langue italienne. La Scuola Leonardo da Vinci est un des centres associ\u00e9s \u00e0 l\u2019AIL et propose les dipl\u00f4mes suivants :\u00a0<\/span><\/p>\n<ul>\n<li><span style=\"font-weight: 400;\">DELI-A2 : Niveau d\u00e9butant<\/span><\/li>\n<li>DILI-B1 : Niveau interm\u00e9diaire<\/li>\n<li>DILC-B1 : Dipl\u00f4me commercial, niveau interm\u00e9diaire<\/li>\n<li>DILI-B2 : Niveau interm\u00e9diaire avanc\u00e9<\/li>\n<li>DALI-C1 : Niveau avanc\u00e9<\/li>\n<li>DALI-C2 : Niveau avanc\u00e9 sup\u00e9rieur<\/li>\n<\/ul>\n<p><strong>Certifications CILS: <\/strong><span style=\"font-weight: 400;\">La Scuola Leonardo da Vinci est un centre reconnu pour les examens de certification CILS, autoris\u00e9 par l\u2019universit\u00e9 pour \u00e9trangers de Sienne. La certification CILS est divis\u00e9e en diff\u00e9rents niveaux de comp\u00e9tence selon le Cadre europ\u00e9en commun de r\u00e9f\u00e9rence pour les langues (CEFR en italien) :<\/span><\/p>\n<ul>\n<li><span style=\"font-weight: 400;\">A1-A2 : Niveau d\u00e9butant<\/span><\/li>\n<li>B1-B2 : Niveau ind\u00e9pendant. Il est possible de passer l\u2019examen CILS B1 nationalit\u00e9 dans nos \u00e9coles, n\u00e9cessaire pour faire la demande de nationalit\u00e9 italienne. Nous proposons aussi des cours de pr\u00e9paration sp\u00e9cifique.<\/li>\n<li>C1-C2 : Niveau exp\u00e9riment\u00e9.\u00a0Chaque niveau \u00e9value les comp\u00e9tences linguistiques en compr\u00e9hension \u00e9crite, compr\u00e9hension orale, expression \u00e9crite et expression orale. Pour passer l\u2019examen et obtenir la certification, il est n\u00e9cessaire d\u2019obtenir un nombre de points suffisants dans toutes les sections. Si ce n\u2019est pas le cas pour certaines sections, il est possible de repasser ces m\u00eames sections au cours de l\u2019ann\u00e9e.<\/li>\n<\/ul>\n<p><strong><a href=\"https:\/\/www.scuolaleonardo.com\/fr\/cours-preparation-certification-cils.html\" target=\"_blank\" rel=\"noopener\">Pr\u00e9paration aux examens CILS<\/a>: <\/strong><span style=\"font-weight: 400;\">La Scuola Leonardo da Vinci organise des cours sp\u00e9cifiques pour ceux qui souhaitent obtenir la certification CILS. Ces cours se tiennent les semaines pr\u00e9c\u00e9dant les dates d\u2019examens et permettent une pr\u00e9paration approfondie des comp\u00e9tences requises. La pr\u00e9paration inclut :\u00a0<\/span><\/p>\n<ul>\n<li><span style=\"font-weight: 400;\">Analyses et examens blancs : un aper\u00e7u des diff\u00e9rentes sections qui composent l\u2019examen, avec des exercices pratiques. <\/span><\/li>\n<li>Approfondissement : corrections des examens blancs et travail sur les points critiques de mani\u00e8re individuelle.<\/li>\n<\/ul>\n<p><span style=\"font-weight: 400;\"><strong>Autres certifications de langue italienne:<\/strong>\u00a0<\/span><span style=\"font-weight: 400;\">Outre la certification CILS, la Scuola Leonardo da Vinci propose des cours de pr\u00e9paration personnalis\u00e9s pour d\u2019autres examens de certification comme :\u00a0<\/span><\/p>\n<ul>\n<li><span style=\"font-weight: 400;\">CELI (P\u00e9rouse) <\/span><\/li>\n<li>Certificat d\u2019italien L2 (Rome)<\/li>\n<\/ul>\n<p><span style=\"font-weight: 400;\">Ces certifications sont officiellement reconnues et sont essentielles pour le travail et l\u2019\u00e9ducation acad\u00e9mique.\u00a0<\/span><\/p>\n<p><strong><a href=\"https:\/\/www.scuolaleonardo.com\/fr\/cours-enseignants-d-italien-aux-etrangers.html\" target=\"_blank\" rel=\"noopener\">Cours pour enseignants d\u2019italien<\/a>:\u00a0<\/strong><span style=\"font-weight: 400;\">Pour ceux qui d\u00e9sirent perfectionner leurs techniques d\u2019enseignement et se tenir au courant, la Scuola Leonardo da Vinci est un centre reconnu pour l\u2019examen DITALS, accr\u00e9dit\u00e9 par l\u2019universit\u00e9 de Sienne. Le cours de formation pour enseignants inclut th\u00e9orie et pratique de l\u2019enseignement de l\u2019italien comme langue \u00e9trang\u00e8re, phon\u00e9tique et pr\u00e9paration DITALS.\u00a0<\/span><\/p>\n<p><strong>Erasmus Plus: <\/strong><span style=\"font-weight: 400;\">La Scuola Leonardo da Vinci collabore avec des \u00e9coles europ\u00e9ennes dans le cadre du programme Erasmus+, permettant ainsi le soutien \u00e0 la mobilit\u00e9 du personnel scolaire pour le d\u00e9veloppement professionnel des enseignants. Pour plus d\u2019informations visitez le site Erasmus+.<\/span><\/p>\n<p><span style=\"font-weight: 400;\"><strong>Contactez-nous pour plus d\u2019informations:<\/strong>\u00a0<\/span><span style=\"font-weight: 400;\">Pour toute demande sur nos examens et cours de pr\u00e9paration, n\u2019h\u00e9sitez pas \u00e0 nous contacter. Nous sommes disponibles pour vous aider \u00e0 atteindre vos objectifs d\u2019apprentissage de la langue italienne. <\/span><\/p>\n","protected":false},"excerpt":{"rendered":"<p>A la Scuola Leonardo da Vinci, nous suivons de pr\u00e8s vos progr\u00e8s. Les enseignants sont toujours pr\u00eats \u00e0 discuter de chaque aspect du programme afin de s\u2019assurer que vous comprenez tout parfaitement. A la fin de chaque cours et de chaque niveau, nous \u00e9valuerons vos progr\u00e8s avec un test \u00e9crit. Ci-dessous les diff\u00e9rents certificats et [&hellip;]<\/p>\n","protected":false},"author":2,"featured_media":0,"parent":0,"menu_order":0,"comment_status":"closed","ping_status":"closed","template":"","meta":{"_et_pb_use_builder":"","_et_pb_old_content":"","_et_gb_content_width":"","footnotes":""},"class_list":["post-771","page","type-page","status-publish","hentry"],"yoast_head":"<!-- This site is optimized with the Yoast SEO plugin v24.2 - https:\/\/yoast.com\/wordpress\/plugins\/seo\/ -->\n<title>Examens, dipl\u00f4mes et certifications en italien - Free Italian language level test<\/title>\n<meta name=\"robots\" content=\"index, follow, max-snippet:-1, max-image-preview:large, max-video-preview:-1\" \/>\n<link rel=\"canonical\" href=\"https:\/\/www.italian-language-test.com\/fr\/examens-diplomes-et-certifications-en-italien\/\" \/>\n<meta property=\"og:locale\" content=\"fr_FR\" \/>\n<meta property=\"og:type\" content=\"article\" \/>\n<meta property=\"og:title\" content=\"Examens, dipl\u00f4mes et certifications en italien - Free Italian language level test\" \/>\n<meta property=\"og:description\" content=\"A la Scuola Leonardo da Vinci, nous suivons de pr\u00e8s vos progr\u00e8s. Les enseignants sont toujours pr\u00eats \u00e0 discuter de chaque aspect du programme afin de s\u2019assurer que vous comprenez tout parfaitement. A la fin de chaque cours et de chaque niveau, nous \u00e9valuerons vos progr\u00e8s avec un test \u00e9crit. Ci-dessous les diff\u00e9rents certificats et [&hellip;]\" \/>\n<meta property=\"og:url\" content=\"https:\/\/www.italian-language-test.com\/fr\/examens-diplomes-et-certifications-en-italien\/\" \/>\n<meta property=\"og:site_name\" content=\"Free Italian language level test\" \/>\n<meta property=\"article:publisher\" content=\"https:\/\/www.facebook.com\/scuolaleonardoitaly\" \/>\n<meta property=\"article:modified_time\" content=\"2024-08-05T15:05:19+00:00\" \/>\n<meta name=\"twitter:card\" content=\"summary_large_image\" \/>\n<meta name=\"twitter:label1\" content=\"Dur\u00e9e de lecture estim\u00e9e\" \/>\n\t<meta name=\"twitter:data1\" content=\"3 minutes\" \/>\n<script type=\"application\/ld+json\" class=\"yoast-schema-graph\">{\"@context\":\"https:\/\/schema.org\",\"@graph\":[{\"@type\":\"WebPage\",\"@id\":\"https:\/\/www.italian-language-test.com\/fr\/examens-diplomes-et-certifications-en-italien\/\",\"url\":\"https:\/\/www.italian-language-test.com\/fr\/examens-diplomes-et-certifications-en-italien\/\",\"name\":\"Examens, dipl\u00f4mes et certifications en italien - Free Italian language level test\",\"isPartOf\":{\"@id\":\"https:\/\/www.italian-language-test.com\/fr\/#website\"},\"datePublished\":\"2024-03-12T16:12:51+00:00\",\"dateModified\":\"2024-08-05T15:05:19+00:00\",\"breadcrumb\":{\"@id\":\"https:\/\/www.italian-language-test.com\/fr\/examens-diplomes-et-certifications-en-italien\/#breadcrumb\"},\"inLanguage\":\"fr-FR\",\"potentialAction\":[{\"@type\":\"ReadAction\",\"target\":[\"https:\/\/www.italian-language-test.com\/fr\/examens-diplomes-et-certifications-en-italien\/\"]}]},{\"@type\":\"BreadcrumbList\",\"@id\":\"https:\/\/www.italian-language-test.com\/fr\/examens-diplomes-et-certifications-en-italien\/#breadcrumb\",\"itemListElement\":[{\"@type\":\"ListItem\",\"position\":1,\"name\":\"Home\",\"item\":\"https:\/\/www.italian-language-test.com\/fr\/\"},{\"@type\":\"ListItem\",\"position\":2,\"name\":\"Examens, dipl\u00f4mes et certifications en italien\"}]},{\"@type\":\"WebSite\",\"@id\":\"https:\/\/www.italian-language-test.com\/fr\/#website\",\"url\":\"https:\/\/www.italian-language-test.com\/fr\/\",\"name\":\"Free Italian language level test\",\"description\":\"Test your Italian online\",\"publisher\":{\"@id\":\"https:\/\/www.italian-language-test.com\/fr\/#organization\"},\"potentialAction\":[{\"@type\":\"SearchAction\",\"target\":{\"@type\":\"EntryPoint\",\"urlTemplate\":\"https:\/\/www.italian-language-test.com\/fr\/?s={search_term_string}\"},\"query-input\":{\"@type\":\"PropertyValueSpecification\",\"valueRequired\":true,\"valueName\":\"search_term_string\"}}],\"inLanguage\":\"fr-FR\"},{\"@type\":\"Organization\",\"@id\":\"https:\/\/www.italian-language-test.com\/fr\/#organization\",\"name\":\"Scuola Leonardo da Vinci\",\"url\":\"https:\/\/www.italian-language-test.com\/fr\/\",\"logo\":{\"@type\":\"ImageObject\",\"inLanguage\":\"fr-FR\",\"@id\":\"https:\/\/www.italian-language-test.com\/fr\/#\/schema\/logo\/image\/\",\"url\":\"https:\/\/www.italian-language-test.com\/wp-content\/uploads\/2024\/07\/Test-Your-Italian-EN.jpg\",\"contentUrl\":\"https:\/\/www.italian-language-test.com\/wp-content\/uploads\/2024\/07\/Test-Your-Italian-EN.jpg\",\"width\":800,\"height\":800,\"caption\":\"Scuola Leonardo da Vinci\"},\"image\":{\"@id\":\"https:\/\/www.italian-language-test.com\/fr\/#\/schema\/logo\/image\/\"},\"sameAs\":[\"https:\/\/www.facebook.com\/scuolaleonardoitaly\",\"https:\/\/www.instagram.com\/scuolaleonardoitaly\",\"https:\/\/www.youtube.com\/@italianinitaly\"]}]}<\/script>\n<!-- \/ Yoast SEO plugin. -->","yoast_head_json":{"title":"Examens, dipl\u00f4mes et certifications en italien - Free Italian language level test","robots":{"index":"index","follow":"follow","max-snippet":"max-snippet:-1","max-image-preview":"max-image-preview:large","max-video-preview":"max-video-preview:-1"},"canonical":"https:\/\/www.italian-language-test.com\/fr\/examens-diplomes-et-certifications-en-italien\/","og_locale":"fr_FR","og_type":"article","og_title":"Examens, dipl\u00f4mes et certifications en italien - Free Italian language level test","og_description":"A la Scuola Leonardo da Vinci, nous suivons de pr\u00e8s vos progr\u00e8s. Les enseignants sont toujours pr\u00eats \u00e0 discuter de chaque aspect du programme afin de s\u2019assurer que vous comprenez tout parfaitement. A la fin de chaque cours et de chaque niveau, nous \u00e9valuerons vos progr\u00e8s avec un test \u00e9crit. Ci-dessous les diff\u00e9rents certificats et [&hellip;]","og_url":"https:\/\/www.italian-language-test.com\/fr\/examens-diplomes-et-certifications-en-italien\/","og_site_name":"Free Italian language level test","article_publisher":"https:\/\/www.facebook.com\/scuolaleonardoitaly","article_modified_time":"2024-08-05T15:05:19+00:00","twitter_card":"summary_large_image","twitter_misc":{"Dur\u00e9e de lecture estim\u00e9e":"3 minutes"},"schema":{"@context":"https:\/\/schema.org","@graph":[{"@type":"WebPage","@id":"https:\/\/www.italian-language-test.com\/fr\/examens-diplomes-et-certifications-en-italien\/","url":"https:\/\/www.italian-language-test.com\/fr\/examens-diplomes-et-certifications-en-italien\/","name":"Examens, dipl\u00f4mes et certifications en italien - Free Italian language level test","isPartOf":{"@id":"https:\/\/www.italian-language-test.com\/fr\/#website"},"datePublished":"2024-03-12T16:12:51+00:00","dateModified":"2024-08-05T15:05:19+00:00","breadcrumb":{"@id":"https:\/\/www.italian-language-test.com\/fr\/examens-diplomes-et-certifications-en-italien\/#breadcrumb"},"inLanguage":"fr-FR","potentialAction":[{"@type":"ReadAction","target":["https:\/\/www.italian-language-test.com\/fr\/examens-diplomes-et-certifications-en-italien\/"]}]},{"@type":"BreadcrumbList","@id":"https:\/\/www.italian-language-test.com\/fr\/examens-diplomes-et-certifications-en-italien\/#breadcrumb","itemListElement":[{"@type":"ListItem","position":1,"name":"Home","item":"https:\/\/www.italian-language-test.com\/fr\/"},{"@type":"ListItem","position":2,"name":"Examens, dipl\u00f4mes et certifications en italien"}]},{"@type":"WebSite","@id":"https:\/\/www.italian-language-test.com\/fr\/#website","url":"https:\/\/www.italian-language-test.com\/fr\/","name":"Free Italian language level test","description":"Test your Italian online","publisher":{"@id":"https:\/\/www.italian-language-test.com\/fr\/#organization"},"potentialAction":[{"@type":"SearchAction","target":{"@type":"EntryPoint","urlTemplate":"https:\/\/www.italian-language-test.com\/fr\/?s={search_term_string}"},"query-input":{"@type":"PropertyValueSpecification","valueRequired":true,"valueName":"search_term_string"}}],"inLanguage":"fr-FR"},{"@type":"Organization","@id":"https:\/\/www.italian-language-test.com\/fr\/#organization","name":"Scuola Leonardo da Vinci","url":"https:\/\/www.italian-language-test.com\/fr\/","logo":{"@type":"ImageObject","inLanguage":"fr-FR","@id":"https:\/\/www.italian-language-test.com\/fr\/#\/schema\/logo\/image\/","url":"https:\/\/www.italian-language-test.com\/wp-content\/uploads\/2024\/07\/Test-Your-Italian-EN.jpg","contentUrl":"https:\/\/www.italian-language-test.com\/wp-content\/uploads\/2024\/07\/Test-Your-Italian-EN.jpg","width":800,"height":800,"caption":"Scuola Leonardo da Vinci"},"image":{"@id":"https:\/\/www.italian-language-test.com\/fr\/#\/schema\/logo\/image\/"},"sameAs":["https:\/\/www.facebook.com\/scuolaleonardoitaly","https:\/\/www.instagram.com\/scuolaleonardoitaly","https:\/\/www.youtube.com\/@italianinitaly"]}]}},"_links":{"self":[{"href":"https:\/\/www.italian-language-test.com\/fr\/wp-json\/wp\/v2\/pages\/771","targetHints":{"allow":["GET"]}}],"collection":[{"href":"https:\/\/www.italian-language-test.com\/fr\/wp-json\/wp\/v2\/pages"}],"about":[{"href":"https:\/\/www.italian-language-test.com\/fr\/wp-json\/wp\/v2\/types\/page"}],"author":[{"embeddable":true,"href":"https:\/\/www.italian-language-test.com\/fr\/wp-json\/wp\/v2\/users\/2"}],"replies":[{"embeddable":true,"href":"https:\/\/www.italian-language-test.com\/fr\/wp-json\/wp\/v2\/comments?post=771"}],"version-history":[{"count":5,"href":"https:\/\/www.italian-language-test.com\/fr\/wp-json\/wp\/v2\/pages\/771\/revisions"}],"predecessor-version":[{"id":781,"href":"https:\/\/www.italian-language-test.com\/fr\/wp-json\/wp\/v2\/pages\/771\/revisions\/781"}],"wp:attachment":[{"href":"https:\/\/www.italian-language-test.com\/fr\/wp-json\/wp\/v2\/media?parent=771"}],"curies":[{"name":"wp","href":"https:\/\/api.w.org\/{rel}","templated":true}]}}