{"id":786,"date":"2024-03-12T17:13:19","date_gmt":"2024-03-12T16:13:19","guid":{"rendered":"https:\/\/fc2.em3design.it\/scuola-leonardo-da-vinci\/?page_id=786"},"modified":"2024-08-05T17:05:34","modified_gmt":"2024-08-05T15:05:34","slug":"cours-ditalien","status":"publish","type":"page","link":"https:\/\/www.italian-language-test.com\/fr\/cours-ditalien\/","title":{"rendered":"Cours d\u2019italien"},"content":{"rendered":"<p><span style=\"font-weight: 400;\">La Scuola Leonardo da Vinci propose une large gamme de cours d\u2019italien pour satisfaire toutes les exigences.\u00a0<\/span><\/p>\n<p><span style=\"font-weight: 400;\"><strong><a href=\"https:\/\/www.scuolaleonardo.com\/fr\/cours-d-italien\/cours-d-italien-1-semaine.html\" target=\"_blank\" rel=\"noopener\">Cours d\u2019une semaine<\/a> :<\/strong> pour ceux qui disposent de peu de temps et veulent am\u00e9liorer rapidement leur connaissance de la langue.<\/span><\/p>\n<p><strong><a href=\"https:\/\/www.scuolaleonardo.com\/fr\/cours-d-italien\/cours-intensif-d-italien.html\" target=\"_blank\" rel=\"noopener\">Cours intensifs<\/a> : <\/strong><span style=\"font-weight: 400;\">Nous offrons des cours intensifs de 20 le\u00e7ons par semaine, parfaits pour ceux qui veulent apprendre ou am\u00e9liorer rapidement leur italien. Pour un apprentissage encore plus rapide, il y a les cours super intensifs avec 30 le\u00e7ons par semaine qui sont en petits groupes, disponibles \u00e0 Florence et \u00e0 Rome.\u00a0<\/span><\/p>\n<p><span style=\"font-weight: 400;\"><strong><a href=\"https:\/\/www.scuolaleonardo.com\/fr\/cours-d-italien\/cours-super-intensif-d-italien.html\" target=\"_blank\" rel=\"noopener\">Cours Super Intensif<\/a> :<\/strong> 6 cours par jour (30 cours par semaine) pour un apprentissage rapide et approfondi.\u00a0<\/span><\/p>\n<p><span style=\"font-weight: 400;\"><strong><a href=\"https:\/\/www.scuolaleonardo.com\/fr\/cours-d-italien\/cours-super-intensif-en-petit-groupe.html\" target=\"_blank\" rel=\"noopener\">Cours Super Intensif en petits groupes<\/a> :<\/strong> 6 cours quotidiens pour des groupes de 5 personnes, disponibles \u00e0 Florence et Rome.\u00a0<\/span><\/p>\n<p><span style=\"font-weight: 400;\"><strong><a href=\"https:\/\/www.scuolaleonardo.com\/fr\/cours-d-italien\/cours-super-intensif-plus-5-et-plus-10.html\" target=\"_blank\" rel=\"noopener\">Cours Super Intensif de Langue Italienne\u00a0Plus 5 ou Plus 10 cours<\/a> (Cours Super Intensif avec cours particuliers) :<\/strong> 20 cours hebdomadaires en groupe, avec en plus 5 ou 10 cours particuliers pour un parcours personnalis\u00e9. <\/span><span style=\"font-weight: 400;\">Nos cours sont pens\u00e9s pour r\u00e9pondre \u00e0 des exigences g\u00e9n\u00e9rales et des objectifs d\u2019apprentissage diversifi\u00e9s plut\u00f4t qu\u2019\u00e0 des questions sp\u00e9cifiques. Les cours sont divis\u00e9s en 6 niveaux, du d\u00e9butant (A1) \u00e0 l\u2019avanc\u00e9 (C2), selon un syst\u00e8me d\u2019\u00e9valuation reconnu par le Conseil de l\u2019Europe.\u00a0\u00a0<\/span><span style=\"font-weight: 400;\">Les cours Plus 5 ou Plus 10 sont divis\u00e9s en 2 temps :\u00a0<\/span><\/p>\n<ul>\n<li><span style=\"font-weight: 400;\"><strong>Cours en groupe :<\/strong> en participant \u00e0 des cours en groupe de 14 \u00e9tudiants maximum, vous pourrez b\u00e9n\u00e9ficier de cette dynamique pour apprendre tous ensemble.<\/span><\/li>\n<li><strong>Cours particuliers (1 ou 2 par jour) :<\/strong> vous pouvez suivre un programme d\u2019\u00e9tude personnalis\u00e9 et intensif, en b\u00e9n\u00e9ficiant de l\u2019exp\u00e9rience et de toute l\u2019attention offerte par un cours particulier.<\/li>\n<\/ul>\n<p><span style=\"font-weight: 400;\">Pour ceux qui ont un bon niveau de connaissance de la langue, les cours priv\u00e9s sont parfaits pour approfondir la culture italienne, son histoire et les modes de vie italiens. Si au contraire, vous vous pr\u00e9parez \u00e0 passer un examen de certification de la langue italienne, un test universitaire ou un entretien professionnel important, le soutien et l\u2019apprentissage approfondis propos\u00e9s par les cours particuliers vous aideront \u00e0 atteindre vos objectifs.<\/span><\/p>\n<p><span style=\"font-weight: 400;\">Notre \u00e9quipe est toujours disponible pour vous aider \u00e0 organiser des activit\u00e9s extra-scolaires durant votre s\u00e9jour : visites guid\u00e9es de mus\u00e9es, monuments et \u00e9glises, d\u00e9gustations, cours sur diff\u00e9rents sujets italiens (par exemple le cin\u00e9ma, la litt\u00e9rature, l\u2019op\u00e9ra et la nourriture) ou encore visites en ville.\u00a0<\/span><\/p>\n<p><strong>Cours du Soir et \u00e0 Mi-temps<\/strong><\/p>\n<ul>\n<li><span style=\"font-weight: 400;\"><strong><a href=\"https:\/\/www.scuolaleonardo.com\/fr\/cours-d-italien\/cours-du-soir-intensif-d-italien.html\" target=\"_blank\" rel=\"noopener\">Cours du Soir Intensif<\/a> :<\/strong> 10 cours hebdomadaires du soir, parfaits pour ceux qui sont occup\u00e9s durant la journ\u00e9e, disponibles \u00e0 Milan.<\/span><\/li>\n<li><strong><a href=\"https:\/\/www.scuolaleonardo.com\/fr\/cours-d-italien\/cours-italien-temps-partiel.html\" target=\"_blank\" rel=\"noopener\">Cours \u00e0 Mi-temps<\/a> :<\/strong> deux rendez-vous d&#8217;une heure et demie par semaine \u00e0 Florence, Milan et Rome, parfaits pour ceux qui vivent ou \u00e9tudient dans ces villes.<\/li>\n<\/ul>\n<p><strong>Autres cours\u00a0<\/strong><\/p>\n<p><span style=\"font-weight: 400;\">Si vous \u00eates \u00e0 la recherche d\u2019un moyen flexible et sur-mesure pour am\u00e9liorer votre italien, la Scuola Leonardo da Vinci vous propose diff\u00e9rents cours adapt\u00e9s \u00e0 toutes les exigences. Des cours super intensifs pour progresser rapidement aux cours du soir ou \u00e0 mi-temps pour ceux qui ne sont pas disponibles la journ\u00e9e, jusqu\u2019aux programmes culturels et sp\u00e9cifiques pour les familles et les descendants d\u2019\u00e9migrants italiens.\u00a0<\/span><\/p>\n<p><span style=\"font-weight: 400;\">Vous trouverez certainement le cours fait pour vous.<\/span><\/p>\n<p><span style=\"font-weight: 400;\"><strong><a href=\"https:\/\/www.scuolaleonardo.com\/fr\/cours-dolce-vita.html\" target=\"_blank\" rel=\"noopener\">Cours Dolce Vita<\/a> :<\/strong> Le cours Dolce Vita, parfait pour les \u00e9tudiants adultes, combine 20 heures par semaine de cours d\u2019italien intensifs avec des visites culturelles, des rencontres oenogastronomiques et des excursions.\u00a0<\/span><\/p>\n<p><span style=\"font-weight: 400;\"><strong><a href=\"https:\/\/www.scuolaleonardo.com\/fr\/cours-d-italien\/cours-giro-italia.html\" target=\"_blank\" rel=\"noopener\">Giro d\u2019Italia<\/a> :<\/strong> Etudiez l\u2019italien en voyageant entre nos diff\u00e9rents sites pendant 2, 3 ou 4 semaines, vous pourrez ainsi vous plonger dans la culture de diff\u00e9rentes villes italiennes.\u00a0<\/span><\/p>\n<p><span style=\"font-weight: 400;\"><strong><a href=\"https:\/\/www.scuolaleonardo.com\/fr\/cours-d-italien\/cours-de-langue-italienne-pour-la-famille.html\" target=\"_blank\" rel=\"noopener\">Cours pour les familles<\/a> :<\/strong> une opportunit\u00e9 pour toute la famille d\u2019apprendre l\u2019italien ensemble.<\/span><\/p>\n<p><span style=\"font-weight: 400;\"><strong><a href=\"https:\/\/www.scuolaleonardo.com\/fr\/cours-d-italien\/a-la-decouverte-de-vos-origines.html\" target=\"_blank\" rel=\"noopener\">D\u00e9couvrez vos origines<\/a> :<\/strong> pour les descendants d\u2019\u00e9migrants italiens qui souhaitent approfondir leur connaissance de la langue et de la culture italiennes.<\/span><\/p>\n<p><span style=\"font-weight: 400;\"><strong><a href=\"https:\/\/www.scuolaleonardo.com\/fr\/cours-de-culture-italienne.html\" target=\"_blank\" rel=\"noopener\">Cours culturels<\/a> :<\/strong> nous proposons des cours sur diff\u00e9rents aspects de la culture italienne comme l\u2019histoire de l\u2019art, la cuisine et le cin\u00e9ma.\u00a0<\/span><\/p>\n<p><span style=\"font-weight: 400;\"><strong><a href=\"https:\/\/www.scuolaleonardo.com\/fr\/cours-academiques-et-professionnels-en-italie.html\" target=\"_blank\" rel=\"noopener\">Cours pour les universit\u00e9s et les acad\u00e9mies<\/a> :<\/strong> des cours sp\u00e9cifiques pour vous pr\u00e9parer \u00e0 acc\u00e9der aux prestigieuses acad\u00e9mies et universit\u00e9s italiennes.<\/span><\/p>\n<p><span style=\"font-weight: 400;\"><strong><a href=\"https:\/\/www.italian-language-test.com\/fr\/examens-diplomes-et-certifications-en-italien\/\">Certificats et dipl\u00f4mes<\/a> :<\/strong> \u00e0 la fin de chaque cours, nous \u00e9valuons vos progr\u00e8s avec un test \u00e9crit. Vous pourrez ainsi obtenir diff\u00e9rents certificats reconnus au niveau international comme le Certificat de Participation, le Certificat de Connaissance et le Dipl\u00f4me de Langue Italienne. Nos dipl\u00f4mes AIL \u201cFirenze\u201d attestent de vos comp\u00e9tences linguistiques selon les normes du CEFR.<\/span><\/p>\n","protected":false},"excerpt":{"rendered":"<p>La Scuola Leonardo da Vinci propose une large gamme de cours d\u2019italien pour satisfaire toutes les exigences.\u00a0 Cours d\u2019une semaine : pour ceux qui disposent de peu de temps et veulent am\u00e9liorer rapidement leur connaissance de la langue. Cours intensifs : Nous offrons des cours intensifs de 20 le\u00e7ons par semaine, parfaits pour ceux qui [&hellip;]<\/p>\n","protected":false},"author":2,"featured_media":0,"parent":0,"menu_order":0,"comment_status":"closed","ping_status":"closed","template":"","meta":{"_et_pb_use_builder":"","_et_pb_old_content":"","_et_gb_content_width":"","footnotes":""},"class_list":["post-786","page","type-page","status-publish","hentry"],"yoast_head":"<!-- This site is optimized with the Yoast SEO plugin v24.2 - https:\/\/yoast.com\/wordpress\/plugins\/seo\/ -->\n<title>Cours d\u2019italien - Free Italian language level test<\/title>\n<meta name=\"robots\" content=\"index, follow, max-snippet:-1, max-image-preview:large, max-video-preview:-1\" \/>\n<link rel=\"canonical\" href=\"https:\/\/www.italian-language-test.com\/fr\/cours-ditalien\/\" \/>\n<meta property=\"og:locale\" content=\"fr_FR\" \/>\n<meta property=\"og:type\" content=\"article\" \/>\n<meta property=\"og:title\" content=\"Cours d\u2019italien - Free Italian language level test\" \/>\n<meta property=\"og:description\" content=\"La Scuola Leonardo da Vinci propose une large gamme de cours d\u2019italien pour satisfaire toutes les exigences.\u00a0 Cours d\u2019une semaine : pour ceux qui disposent de peu de temps et veulent am\u00e9liorer rapidement leur connaissance de la langue. Cours intensifs : Nous offrons des cours intensifs de 20 le\u00e7ons par semaine, parfaits pour ceux qui [&hellip;]\" \/>\n<meta property=\"og:url\" content=\"https:\/\/www.italian-language-test.com\/fr\/cours-ditalien\/\" \/>\n<meta property=\"og:site_name\" content=\"Free Italian language level test\" \/>\n<meta property=\"article:publisher\" content=\"https:\/\/www.facebook.com\/scuolaleonardoitaly\" \/>\n<meta property=\"article:modified_time\" content=\"2024-08-05T15:05:34+00:00\" \/>\n<meta name=\"twitter:card\" content=\"summary_large_image\" \/>\n<meta name=\"twitter:label1\" content=\"Dur\u00e9e de lecture estim\u00e9e\" \/>\n\t<meta name=\"twitter:data1\" content=\"4 minutes\" \/>\n<script type=\"application\/ld+json\" class=\"yoast-schema-graph\">{\"@context\":\"https:\/\/schema.org\",\"@graph\":[{\"@type\":\"WebPage\",\"@id\":\"https:\/\/www.italian-language-test.com\/fr\/cours-ditalien\/\",\"url\":\"https:\/\/www.italian-language-test.com\/fr\/cours-ditalien\/\",\"name\":\"Cours d\u2019italien - Free Italian language level test\",\"isPartOf\":{\"@id\":\"https:\/\/www.italian-language-test.com\/fr\/#website\"},\"datePublished\":\"2024-03-12T16:13:19+00:00\",\"dateModified\":\"2024-08-05T15:05:34+00:00\",\"breadcrumb\":{\"@id\":\"https:\/\/www.italian-language-test.com\/fr\/cours-ditalien\/#breadcrumb\"},\"inLanguage\":\"fr-FR\",\"potentialAction\":[{\"@type\":\"ReadAction\",\"target\":[\"https:\/\/www.italian-language-test.com\/fr\/cours-ditalien\/\"]}]},{\"@type\":\"BreadcrumbList\",\"@id\":\"https:\/\/www.italian-language-test.com\/fr\/cours-ditalien\/#breadcrumb\",\"itemListElement\":[{\"@type\":\"ListItem\",\"position\":1,\"name\":\"Home\",\"item\":\"https:\/\/www.italian-language-test.com\/fr\/\"},{\"@type\":\"ListItem\",\"position\":2,\"name\":\"Cours d\u2019italien\"}]},{\"@type\":\"WebSite\",\"@id\":\"https:\/\/www.italian-language-test.com\/fr\/#website\",\"url\":\"https:\/\/www.italian-language-test.com\/fr\/\",\"name\":\"Free Italian language level test\",\"description\":\"Test your Italian online\",\"publisher\":{\"@id\":\"https:\/\/www.italian-language-test.com\/fr\/#organization\"},\"potentialAction\":[{\"@type\":\"SearchAction\",\"target\":{\"@type\":\"EntryPoint\",\"urlTemplate\":\"https:\/\/www.italian-language-test.com\/fr\/?s={search_term_string}\"},\"query-input\":{\"@type\":\"PropertyValueSpecification\",\"valueRequired\":true,\"valueName\":\"search_term_string\"}}],\"inLanguage\":\"fr-FR\"},{\"@type\":\"Organization\",\"@id\":\"https:\/\/www.italian-language-test.com\/fr\/#organization\",\"name\":\"Scuola Leonardo da Vinci\",\"url\":\"https:\/\/www.italian-language-test.com\/fr\/\",\"logo\":{\"@type\":\"ImageObject\",\"inLanguage\":\"fr-FR\",\"@id\":\"https:\/\/www.italian-language-test.com\/fr\/#\/schema\/logo\/image\/\",\"url\":\"https:\/\/www.italian-language-test.com\/wp-content\/uploads\/2024\/07\/Test-Your-Italian-EN.jpg\",\"contentUrl\":\"https:\/\/www.italian-language-test.com\/wp-content\/uploads\/2024\/07\/Test-Your-Italian-EN.jpg\",\"width\":800,\"height\":800,\"caption\":\"Scuola Leonardo da Vinci\"},\"image\":{\"@id\":\"https:\/\/www.italian-language-test.com\/fr\/#\/schema\/logo\/image\/\"},\"sameAs\":[\"https:\/\/www.facebook.com\/scuolaleonardoitaly\",\"https:\/\/www.instagram.com\/scuolaleonardoitaly\",\"https:\/\/www.youtube.com\/@italianinitaly\"]}]}<\/script>\n<!-- \/ Yoast SEO plugin. -->","yoast_head_json":{"title":"Cours d\u2019italien - Free Italian language level test","robots":{"index":"index","follow":"follow","max-snippet":"max-snippet:-1","max-image-preview":"max-image-preview:large","max-video-preview":"max-video-preview:-1"},"canonical":"https:\/\/www.italian-language-test.com\/fr\/cours-ditalien\/","og_locale":"fr_FR","og_type":"article","og_title":"Cours d\u2019italien - Free Italian language level test","og_description":"La Scuola Leonardo da Vinci propose une large gamme de cours d\u2019italien pour satisfaire toutes les exigences.\u00a0 Cours d\u2019une semaine : pour ceux qui disposent de peu de temps et veulent am\u00e9liorer rapidement leur connaissance de la langue. Cours intensifs : Nous offrons des cours intensifs de 20 le\u00e7ons par semaine, parfaits pour ceux qui [&hellip;]","og_url":"https:\/\/www.italian-language-test.com\/fr\/cours-ditalien\/","og_site_name":"Free Italian language level test","article_publisher":"https:\/\/www.facebook.com\/scuolaleonardoitaly","article_modified_time":"2024-08-05T15:05:34+00:00","twitter_card":"summary_large_image","twitter_misc":{"Dur\u00e9e de lecture estim\u00e9e":"4 minutes"},"schema":{"@context":"https:\/\/schema.org","@graph":[{"@type":"WebPage","@id":"https:\/\/www.italian-language-test.com\/fr\/cours-ditalien\/","url":"https:\/\/www.italian-language-test.com\/fr\/cours-ditalien\/","name":"Cours d\u2019italien - Free Italian language level test","isPartOf":{"@id":"https:\/\/www.italian-language-test.com\/fr\/#website"},"datePublished":"2024-03-12T16:13:19+00:00","dateModified":"2024-08-05T15:05:34+00:00","breadcrumb":{"@id":"https:\/\/www.italian-language-test.com\/fr\/cours-ditalien\/#breadcrumb"},"inLanguage":"fr-FR","potentialAction":[{"@type":"ReadAction","target":["https:\/\/www.italian-language-test.com\/fr\/cours-ditalien\/"]}]},{"@type":"BreadcrumbList","@id":"https:\/\/www.italian-language-test.com\/fr\/cours-ditalien\/#breadcrumb","itemListElement":[{"@type":"ListItem","position":1,"name":"Home","item":"https:\/\/www.italian-language-test.com\/fr\/"},{"@type":"ListItem","position":2,"name":"Cours d\u2019italien"}]},{"@type":"WebSite","@id":"https:\/\/www.italian-language-test.com\/fr\/#website","url":"https:\/\/www.italian-language-test.com\/fr\/","name":"Free Italian language level test","description":"Test your Italian online","publisher":{"@id":"https:\/\/www.italian-language-test.com\/fr\/#organization"},"potentialAction":[{"@type":"SearchAction","target":{"@type":"EntryPoint","urlTemplate":"https:\/\/www.italian-language-test.com\/fr\/?s={search_term_string}"},"query-input":{"@type":"PropertyValueSpecification","valueRequired":true,"valueName":"search_term_string"}}],"inLanguage":"fr-FR"},{"@type":"Organization","@id":"https:\/\/www.italian-language-test.com\/fr\/#organization","name":"Scuola Leonardo da Vinci","url":"https:\/\/www.italian-language-test.com\/fr\/","logo":{"@type":"ImageObject","inLanguage":"fr-FR","@id":"https:\/\/www.italian-language-test.com\/fr\/#\/schema\/logo\/image\/","url":"https:\/\/www.italian-language-test.com\/wp-content\/uploads\/2024\/07\/Test-Your-Italian-EN.jpg","contentUrl":"https:\/\/www.italian-language-test.com\/wp-content\/uploads\/2024\/07\/Test-Your-Italian-EN.jpg","width":800,"height":800,"caption":"Scuola Leonardo da Vinci"},"image":{"@id":"https:\/\/www.italian-language-test.com\/fr\/#\/schema\/logo\/image\/"},"sameAs":["https:\/\/www.facebook.com\/scuolaleonardoitaly","https:\/\/www.instagram.com\/scuolaleonardoitaly","https:\/\/www.youtube.com\/@italianinitaly"]}]}},"_links":{"self":[{"href":"https:\/\/www.italian-language-test.com\/fr\/wp-json\/wp\/v2\/pages\/786","targetHints":{"allow":["GET"]}}],"collection":[{"href":"https:\/\/www.italian-language-test.com\/fr\/wp-json\/wp\/v2\/pages"}],"about":[{"href":"https:\/\/www.italian-language-test.com\/fr\/wp-json\/wp\/v2\/types\/page"}],"author":[{"embeddable":true,"href":"https:\/\/www.italian-language-test.com\/fr\/wp-json\/wp\/v2\/users\/2"}],"replies":[{"embeddable":true,"href":"https:\/\/www.italian-language-test.com\/fr\/wp-json\/wp\/v2\/comments?post=786"}],"version-history":[{"count":8,"href":"https:\/\/www.italian-language-test.com\/fr\/wp-json\/wp\/v2\/pages\/786\/revisions"}],"predecessor-version":[{"id":825,"href":"https:\/\/www.italian-language-test.com\/fr\/wp-json\/wp\/v2\/pages\/786\/revisions\/825"}],"wp:attachment":[{"href":"https:\/\/www.italian-language-test.com\/fr\/wp-json\/wp\/v2\/media?parent=786"}],"curies":[{"name":"wp","href":"https:\/\/api.w.org\/{rel}","templated":true}]}}