{"id":761,"date":"2024-03-12T17:12:51","date_gmt":"2024-03-12T16:12:51","guid":{"rendered":"https:\/\/fc2.em3design.it\/scuola-leonardo-da-vinci\/italian-exams-diplomas-and-certifications\/"},"modified":"2024-08-05T17:04:15","modified_gmt":"2024-08-05T15:04:15","slug":"esami-diplomi-e-certificazioni-di-italiano","status":"publish","type":"page","link":"https:\/\/www.italian-language-test.com\/it\/esami-diplomi-e-certificazioni-di-italiano\/","title":{"rendered":"Esami, Diplomi e Certificazioni di Italiano"},"content":{"rendered":"<blockquote><p><span style=\"font-weight: 400;\">Alla Scuola Leonardo da Vinci, seguiamo da vicino i tuoi progressi. Gli insegnanti sono sempre pronti a discutere ogni aspetto del programma per assicurarsi che tu capisca tutto al meglio. Alla fine di ogni corso e di ogni livello, valuteremo i tuoi progressi con un test scritto. Ecco una panoramica dei certificati e diplomi che puoi ottenere:<\/span><\/p><\/blockquote>\n<p><strong>Certificati rilasciati dalla Scuola Leonardo da Vinci:<\/strong> Grazie al nostro consolidato network internazionale, molti istituti e aziende in tutto il mondo riconoscono i certificati e diplomi rilasciati dalla Scuola Leonardo da Vinci. Queste qualifiche rappresentano un&#8217;eccellente dimostrazione delle tue conoscenze e competenze comunicative in italiano.<\/p>\n<p><strong>Certificato di Frequenza:<\/strong> Attesta la frequenza e viene rilasciato alla fine di ogni corso.<\/p>\n<p><strong><a href=\"https:\/\/www.scuolaleonardo.com\/it\/corso-preparazione-esami-italiano.html\" target=\"_blank\" rel=\"noopener\">Diplomi AIL &#8216;Firenze&#8217;<\/a>:<\/strong> L&#8217;Accademia di Lingua Italiana (AIL) \u00e8 un&#8217;organizzazione professionale che garantisce e promuove l&#8217;insegnamento di alta qualit\u00e0 della lingua italiana. La Scuola Leonardo da Vinci \u00e8 uno dei centri associati all&#8217;AIL e offre i seguenti diplomi:<\/p>\n<ul>\n<li>DELI-A2: Livello base.<\/li>\n<li>DILI-B1: Livello intermedio.<\/li>\n<li>DILC-B1: Diploma Commerciale, livello intermedio.<\/li>\n<li>DILI-B2: Livello intermedio avanzato.<\/li>\n<li>DALI-C1: Livello avanzato.<\/li>\n<li>DALI-C2: Livello avanzato superiore.<\/li>\n<\/ul>\n<p>La Scuola Leonardo da Vinci offre <a href=\"https:\/\/www.scuolaleonardo.com\/it\/corso-preparazione-esami-italiano.html\" target=\"_blank\" rel=\"noopener\">corsi di preparazione agli esami AIL<\/a> per coloro che vogliono conseguire il Diploma AIL Firenze.<\/p>\n<p><strong>Certificazioni CILS:<\/strong>\u00a0La Scuola Leonardo da Vinci \u00e8 un centro riconosciuto per gli esami di certificazione CILS, autorizzato dall&#8217;Universit\u00e0 per Stranieri di Siena. La certificazione CILS \u00e8 suddivisa in vari livelli di competenza secondo il Quadro Comune Europeo di Riferimento per le Lingue (CEFR):<\/p>\n<ul>\n<li>A1-A2: Livello base<\/li>\n<li>B1-B2: Livello indipendente \u00c8 possibile sostenere l&#8217;esame CILS B1 cittadinanza nelle nostre scuole, necessario per la domanda di cittadinanza italiana, e offriamo anche corsi di preparazione specifici<\/li>\n<li>C1-C2: Livello competente. Ogni livello valuta le competenze linguistiche in comprensione scritta, comprensione orale, produzione scritta e produzione orale. Per superare l&#8217;esame e ottenere la certificazione, \u00e8 necessario ottenere un punteggio sufficiente in tutte le sezioni. Se non si raggiunge il punteggio minimo in alcune sezioni, \u00e8 possibile ripetere solo quelle sezioni entro un anno<\/li>\n<\/ul>\n<p><strong><a href=\"https:\/\/www.scuolaleonardo.com\/it\/corso-preparazione-certificazione-CILS.html\" target=\"_blank\" rel=\"noopener\">Preparazione agli Esami CILS<\/a>:<\/strong> La Scuola Leonardo da Vinci organizza corsi specifici per chi desidera ottenere la certificazione CILS. Questi corsi si tengono nelle settimane precedenti le date d&#8217;esame e offrono una preparazione approfondita per le diverse competenze richieste. La preparazione include:<\/p>\n<ul>\n<li>Analisi e Prove d&#8217;Esame: una panoramica delle varie sezioni che compongono l&#8217;esame, con esercitazioni pratiche.<\/li>\n<li>Approfondimenti: correzioni delle prove e attivit\u00e0 di rinforzo mirate sui punti critici individuati dall&#8217;insegnante.<\/li>\n<\/ul>\n<p><strong>Altre Certificazioni di Lingua Italiana:<\/strong> Oltre alla certificazione CILS, la Scuola Leonardo da Vinci offre corsi di preparazione personalizzati per altri esami di certificazione come:<\/p>\n<ul>\n<li>CELI (Perugia)<\/li>\n<li>Certificato Italiano come L2 (Roma)<\/li>\n<\/ul>\n<p>Queste certificazioni sono riconosciute ufficialmente e sono strumenti importanti per il lavoro e l&#8217;educazione accademica.<\/p>\n<p><strong><a href=\"https:\/\/www.scuolaleonardo.com\/it\/corso-insegnanti-italiano-per-stranieri.html\" target=\"_blank\" rel=\"noopener\">Corsi per Insegnanti di Italiano<\/a>:<\/strong> Per chi desidera perfezionare le proprie tecniche di insegnamento e aggiornarsi costantemente, la Scuola Leonardo da Vinci \u00e8 un centro riconosciuto per l&#8217;esame DITALS, accreditato dall&#8217;Universit\u00e0 di Siena. Il corso di formazione per insegnanti include teoria e pratica dell&#8217;insegnamento dell&#8217;italiano come lingua straniera, fonetica e preparazione DITALS.<\/p>\n<p><strong>Erasmus Plus:<\/strong> La Scuola Leonardo da Vinci collabora con scuole europee nell&#8217;ambito del programma Erasmus+, offrendo supporto per la mobilit\u00e0 del personale scolastico per lo sviluppo professionale degli insegnanti. Per maggiori dettagli, visita il sito Erasmus+.<\/p>\n<p><strong>Contattaci per ulteriori informazioni:<\/strong> Per qualsiasi domanda sui nostri esami e corsi di preparazione, non esitare a contattarci. Siamo qui per aiutarti a raggiungere i tuoi obiettivi di apprendimento della lingua italiana.<\/p>\n","protected":false},"excerpt":{"rendered":"<p>Alla Scuola Leonardo da Vinci, seguiamo da vicino i tuoi progressi. Gli insegnanti sono sempre pronti a discutere ogni aspetto del programma per assicurarsi che tu capisca tutto al meglio. Alla fine di ogni corso e di ogni livello, valuteremo i tuoi progressi con un test scritto. Ecco una panoramica dei certificati e diplomi che [&hellip;]<\/p>\n","protected":false},"author":3,"featured_media":0,"parent":0,"menu_order":0,"comment_status":"closed","ping_status":"closed","template":"","meta":{"_et_pb_use_builder":"","_et_pb_old_content":"","_et_gb_content_width":"","footnotes":""},"class_list":["post-761","page","type-page","status-publish","hentry"],"yoast_head":"<!-- This site is optimized with the Yoast SEO plugin v24.2 - https:\/\/yoast.com\/wordpress\/plugins\/seo\/ -->\n<title>Esami, Diplomi e Certificazioni di Italiano - Free Italian language level test<\/title>\n<meta name=\"description\" content=\"At Scuola Leonardo da Vinci, we closely follow your progress. Teachers are always ready to discuss every aspect of the program.\" \/>\n<meta name=\"robots\" content=\"index, follow, max-snippet:-1, max-image-preview:large, max-video-preview:-1\" \/>\n<link rel=\"canonical\" href=\"https:\/\/www.italian-language-test.com\/it\/esami-diplomi-e-certificazioni-di-italiano\/\" \/>\n<meta property=\"og:locale\" content=\"it_IT\" \/>\n<meta property=\"og:type\" content=\"article\" \/>\n<meta property=\"og:title\" content=\"Esami, Diplomi e Certificazioni di Italiano - Free Italian language level test\" \/>\n<meta property=\"og:description\" content=\"At Scuola Leonardo da Vinci, we closely follow your progress. Teachers are always ready to discuss every aspect of the program.\" \/>\n<meta property=\"og:url\" content=\"https:\/\/www.italian-language-test.com\/it\/esami-diplomi-e-certificazioni-di-italiano\/\" \/>\n<meta property=\"og:site_name\" content=\"Free Italian language level test\" \/>\n<meta property=\"article:publisher\" content=\"https:\/\/www.facebook.com\/scuolaleonardoitaly\" \/>\n<meta property=\"article:modified_time\" content=\"2024-08-05T15:04:15+00:00\" \/>\n<meta name=\"twitter:card\" content=\"summary_large_image\" \/>\n<meta name=\"twitter:label1\" content=\"Tempo di lettura stimato\" \/>\n\t<meta name=\"twitter:data1\" content=\"3 minuti\" \/>\n<script type=\"application\/ld+json\" class=\"yoast-schema-graph\">{\"@context\":\"https:\/\/schema.org\",\"@graph\":[{\"@type\":\"WebPage\",\"@id\":\"https:\/\/www.italian-language-test.com\/it\/esami-diplomi-e-certificazioni-di-italiano\/\",\"url\":\"https:\/\/www.italian-language-test.com\/it\/esami-diplomi-e-certificazioni-di-italiano\/\",\"name\":\"Esami, Diplomi e Certificazioni di Italiano - Free Italian language level test\",\"isPartOf\":{\"@id\":\"https:\/\/www.italian-language-test.com\/it\/#website\"},\"datePublished\":\"2024-03-12T16:12:51+00:00\",\"dateModified\":\"2024-08-05T15:04:15+00:00\",\"description\":\"At Scuola Leonardo da Vinci, we closely follow your progress. Teachers are always ready to discuss every aspect of the program.\",\"breadcrumb\":{\"@id\":\"https:\/\/www.italian-language-test.com\/it\/esami-diplomi-e-certificazioni-di-italiano\/#breadcrumb\"},\"inLanguage\":\"it-IT\",\"potentialAction\":[{\"@type\":\"ReadAction\",\"target\":[\"https:\/\/www.italian-language-test.com\/it\/esami-diplomi-e-certificazioni-di-italiano\/\"]}]},{\"@type\":\"BreadcrumbList\",\"@id\":\"https:\/\/www.italian-language-test.com\/it\/esami-diplomi-e-certificazioni-di-italiano\/#breadcrumb\",\"itemListElement\":[{\"@type\":\"ListItem\",\"position\":1,\"name\":\"Home\",\"item\":\"https:\/\/www.italian-language-test.com\/it\/\"},{\"@type\":\"ListItem\",\"position\":2,\"name\":\"Esami, Diplomi e Certificazioni di Italiano\"}]},{\"@type\":\"WebSite\",\"@id\":\"https:\/\/www.italian-language-test.com\/it\/#website\",\"url\":\"https:\/\/www.italian-language-test.com\/it\/\",\"name\":\"Free Italian language level test\",\"description\":\"Test your Italian online\",\"publisher\":{\"@id\":\"https:\/\/www.italian-language-test.com\/it\/#organization\"},\"potentialAction\":[{\"@type\":\"SearchAction\",\"target\":{\"@type\":\"EntryPoint\",\"urlTemplate\":\"https:\/\/www.italian-language-test.com\/it\/?s={search_term_string}\"},\"query-input\":{\"@type\":\"PropertyValueSpecification\",\"valueRequired\":true,\"valueName\":\"search_term_string\"}}],\"inLanguage\":\"it-IT\"},{\"@type\":\"Organization\",\"@id\":\"https:\/\/www.italian-language-test.com\/it\/#organization\",\"name\":\"Scuola Leonardo da Vinci\",\"url\":\"https:\/\/www.italian-language-test.com\/it\/\",\"logo\":{\"@type\":\"ImageObject\",\"inLanguage\":\"it-IT\",\"@id\":\"https:\/\/www.italian-language-test.com\/it\/#\/schema\/logo\/image\/\",\"url\":\"https:\/\/www.italian-language-test.com\/wp-content\/uploads\/2024\/07\/Test-Your-Italian-EN.jpg\",\"contentUrl\":\"https:\/\/www.italian-language-test.com\/wp-content\/uploads\/2024\/07\/Test-Your-Italian-EN.jpg\",\"width\":800,\"height\":800,\"caption\":\"Scuola Leonardo da Vinci\"},\"image\":{\"@id\":\"https:\/\/www.italian-language-test.com\/it\/#\/schema\/logo\/image\/\"},\"sameAs\":[\"https:\/\/www.facebook.com\/scuolaleonardoitaly\",\"https:\/\/www.instagram.com\/scuolaleonardoitaly\",\"https:\/\/www.youtube.com\/@italianinitaly\"]}]}<\/script>\n<!-- \/ Yoast SEO plugin. -->","yoast_head_json":{"title":"Esami, Diplomi e Certificazioni di Italiano - Free Italian language level test","description":"At Scuola Leonardo da Vinci, we closely follow your progress. Teachers are always ready to discuss every aspect of the program.","robots":{"index":"index","follow":"follow","max-snippet":"max-snippet:-1","max-image-preview":"max-image-preview:large","max-video-preview":"max-video-preview:-1"},"canonical":"https:\/\/www.italian-language-test.com\/it\/esami-diplomi-e-certificazioni-di-italiano\/","og_locale":"it_IT","og_type":"article","og_title":"Esami, Diplomi e Certificazioni di Italiano - Free Italian language level test","og_description":"At Scuola Leonardo da Vinci, we closely follow your progress. Teachers are always ready to discuss every aspect of the program.","og_url":"https:\/\/www.italian-language-test.com\/it\/esami-diplomi-e-certificazioni-di-italiano\/","og_site_name":"Free Italian language level test","article_publisher":"https:\/\/www.facebook.com\/scuolaleonardoitaly","article_modified_time":"2024-08-05T15:04:15+00:00","twitter_card":"summary_large_image","twitter_misc":{"Tempo di lettura stimato":"3 minuti"},"schema":{"@context":"https:\/\/schema.org","@graph":[{"@type":"WebPage","@id":"https:\/\/www.italian-language-test.com\/it\/esami-diplomi-e-certificazioni-di-italiano\/","url":"https:\/\/www.italian-language-test.com\/it\/esami-diplomi-e-certificazioni-di-italiano\/","name":"Esami, Diplomi e Certificazioni di Italiano - Free Italian language level test","isPartOf":{"@id":"https:\/\/www.italian-language-test.com\/it\/#website"},"datePublished":"2024-03-12T16:12:51+00:00","dateModified":"2024-08-05T15:04:15+00:00","description":"At Scuola Leonardo da Vinci, we closely follow your progress. Teachers are always ready to discuss every aspect of the program.","breadcrumb":{"@id":"https:\/\/www.italian-language-test.com\/it\/esami-diplomi-e-certificazioni-di-italiano\/#breadcrumb"},"inLanguage":"it-IT","potentialAction":[{"@type":"ReadAction","target":["https:\/\/www.italian-language-test.com\/it\/esami-diplomi-e-certificazioni-di-italiano\/"]}]},{"@type":"BreadcrumbList","@id":"https:\/\/www.italian-language-test.com\/it\/esami-diplomi-e-certificazioni-di-italiano\/#breadcrumb","itemListElement":[{"@type":"ListItem","position":1,"name":"Home","item":"https:\/\/www.italian-language-test.com\/it\/"},{"@type":"ListItem","position":2,"name":"Esami, Diplomi e Certificazioni di Italiano"}]},{"@type":"WebSite","@id":"https:\/\/www.italian-language-test.com\/it\/#website","url":"https:\/\/www.italian-language-test.com\/it\/","name":"Free Italian language level test","description":"Test your Italian online","publisher":{"@id":"https:\/\/www.italian-language-test.com\/it\/#organization"},"potentialAction":[{"@type":"SearchAction","target":{"@type":"EntryPoint","urlTemplate":"https:\/\/www.italian-language-test.com\/it\/?s={search_term_string}"},"query-input":{"@type":"PropertyValueSpecification","valueRequired":true,"valueName":"search_term_string"}}],"inLanguage":"it-IT"},{"@type":"Organization","@id":"https:\/\/www.italian-language-test.com\/it\/#organization","name":"Scuola Leonardo da Vinci","url":"https:\/\/www.italian-language-test.com\/it\/","logo":{"@type":"ImageObject","inLanguage":"it-IT","@id":"https:\/\/www.italian-language-test.com\/it\/#\/schema\/logo\/image\/","url":"https:\/\/www.italian-language-test.com\/wp-content\/uploads\/2024\/07\/Test-Your-Italian-EN.jpg","contentUrl":"https:\/\/www.italian-language-test.com\/wp-content\/uploads\/2024\/07\/Test-Your-Italian-EN.jpg","width":800,"height":800,"caption":"Scuola Leonardo da Vinci"},"image":{"@id":"https:\/\/www.italian-language-test.com\/it\/#\/schema\/logo\/image\/"},"sameAs":["https:\/\/www.facebook.com\/scuolaleonardoitaly","https:\/\/www.instagram.com\/scuolaleonardoitaly","https:\/\/www.youtube.com\/@italianinitaly"]}]}},"_links":{"self":[{"href":"https:\/\/www.italian-language-test.com\/it\/wp-json\/wp\/v2\/pages\/761","targetHints":{"allow":["GET"]}}],"collection":[{"href":"https:\/\/www.italian-language-test.com\/it\/wp-json\/wp\/v2\/pages"}],"about":[{"href":"https:\/\/www.italian-language-test.com\/it\/wp-json\/wp\/v2\/types\/page"}],"author":[{"embeddable":true,"href":"https:\/\/www.italian-language-test.com\/it\/wp-json\/wp\/v2\/users\/3"}],"replies":[{"embeddable":true,"href":"https:\/\/www.italian-language-test.com\/it\/wp-json\/wp\/v2\/comments?post=761"}],"version-history":[{"count":4,"href":"https:\/\/www.italian-language-test.com\/it\/wp-json\/wp\/v2\/pages\/761\/revisions"}],"predecessor-version":[{"id":823,"href":"https:\/\/www.italian-language-test.com\/it\/wp-json\/wp\/v2\/pages\/761\/revisions\/823"}],"wp:attachment":[{"href":"https:\/\/www.italian-language-test.com\/it\/wp-json\/wp\/v2\/media?parent=761"}],"curies":[{"name":"wp","href":"https:\/\/api.w.org\/{rel}","templated":true}]}}