{"id":826,"date":"2024-03-12T17:13:32","date_gmt":"2024-03-12T16:13:32","guid":{"rendered":"https:\/\/fc2.em3design.it\/scuola-leonardo-da-vinci\/?page_id=826"},"modified":"2024-08-05T18:05:54","modified_gmt":"2024-08-05T16:05:54","slug":"le-nostre-scuole-di-italiano-in-italia","status":"publish","type":"page","link":"https:\/\/www.italian-language-test.com\/it\/le-nostre-scuole-di-italiano-in-italia\/","title":{"rendered":"Le nostre Scuole di Italiano in Italia"},"content":{"rendered":"<p><span style=\"font-weight: 400;\">La Scuola Leonardo da Vinci, fondata a <a href=\"https:\/\/www.leonardo-florence.com\/it\/\" target=\"_blank\" rel=\"noopener\">Firenze<\/a> nel 1977, integra l&#8217;insegnamento della lingua italiana con corsi culturali e di arte. Da sempre, la scuola promuove l&#8217;approfondimento della cultura italiana accanto all&#8217;apprendimento linguistico.<\/span><\/p>\n<p><span style=\"font-weight: 400;\">Nel 1984, abbiamo aperto una sede a <a href=\"https:\/\/www.leonardo-rome.com\/it\/\" target=\"_blank\" rel=\"noopener\">Roma<\/a> e, nel 2004, una a <a href=\"https:\/\/www.leonardo-milan.com\/it\/\" target=\"_blank\" rel=\"noopener\">Milano<\/a>, situata nel centro storico in Corso di Porta Vigentina, vicino al Duomo. Ogni sede segue le stesse linee guida, promuovendo la lingua e la cultura italiana.<\/span><\/p>\n<p><span style=\"font-weight: 400;\">In oltre 45 anni, abbiamo accolto <a href=\"https:\/\/www.scuolaleonardo.com\/it\/opinioni-studenti.html\" target=\"_blank\" rel=\"noopener\">studenti da tutto il mondo<\/a>, collaborando con universit\u00e0 e college internazionali e partecipando a workshop in vari paesi. Abbiamo inoltre contribuito alla fondazione dell&#8217;<a href=\"https:\/\/www.acad.it\/\" target=\"_blank\" rel=\"noopener\">Accademia Italiana di Lingua (AIL)<\/a>, che offre diplomi di italiano riconosciuti secondo il QCER.<\/span><\/p>\n<p><span style=\"font-weight: 400;\">Continuiamo a essere specializzati in corsi per diverse fasce di et\u00e0 e professioni, mantenendo l&#8217;idea che non c&#8217;\u00e8 lingua senza cultura. Nel 2021, abbiamo aperto nuove sedi a <a href=\"https:\/\/www.ciaoitaly-turin.com\/it\/\" target=\"_blank\" rel=\"noopener\">Torino<\/a> e <a href=\"https:\/\/www.centropuccini.it\/it\/index.html\" target=\"_blank\" rel=\"noopener\">Viareggio<\/a>, arricchendo ulteriormente la nostra offerta.<\/span><\/p>\n<p><b><a href=\"https:\/\/www.leonardo-florence.com\/it\/\" target=\"_blank\" rel=\"noopener\">SCUOLA DI LINGUA ITALIANA A FIRENZE<\/a>: <\/b><span style=\"font-weight: 400;\">Firenze \u00e8 la culla del Rinascimento italiano, un luogo dove arte e cultura si respirano in ogni angolo. Studiare italiano a Firenze ti permette di immergerti nel ricco patrimonio artistico della citt\u00e0. <a href=\"https:\/\/www.leonardo-florence.com\/it\/la-scuola-di-lingua-italiana-a-firenze.html\" target=\"_blank\" rel=\"noopener\">Scopri la nostra scuola a Firenze<\/a><\/span><\/p>\n<p><b><a href=\"https:\/\/www.leonardo-milan.com\/it\/\" target=\"_blank\" rel=\"noopener\">SCUOLA DI LINGUA ITALIANA A MILANO<\/a>: <\/b><span style=\"font-weight: 400;\">Milano \u00e8 una citt\u00e0 moderna, la capitale italiana della moda e del design, con importanti accademie e universit\u00e0. Studiare italiano a Milano significa vivere in un ambiente dinamico vicino al celebre Duomo. <a href=\"https:\/\/www.leonardo-milan.com\/it\/scuola-di-lingua-italiana-a-milano.html\" target=\"_blank\" rel=\"noopener\">Scopri la nostra scuola a Milano<\/a><\/span><\/p>\n<p><b><a href=\"https:\/\/www.leonardo-rome.com\/it\/\" target=\"_blank\" rel=\"noopener\">SCUOLA DI LINGUA ITALIANA A ROMA<\/a>: <\/b><span style=\"font-weight: 400;\">Roma, la Citt\u00e0 Eterna, offre un mix unico di fascino antico e moderno. Studiare italiano a Roma ti permette di esplorare le meraviglie storiche e culturali della citt\u00e0 mentre vivi la \u201cDolce Vita\u201d. <a href=\"https:\/\/www.leonardo-rome.com\/it\/scuola-italiano-a-roma.html\" target=\"_blank\" rel=\"noopener\">Scopri la nostra scuola a Roma<\/a><\/span><\/p>\n<p><b><a href=\"https:\/\/www.ciaoitaly-turin.com\/it\/\" target=\"_blank\" rel=\"noopener\">SCUOLA DI LINGUA ITALIANA A TORINO<\/a>: <\/b><span style=\"font-weight: 400;\">Torino \u00e8 una citt\u00e0 ricca di arte contemporanea e tradizione, famosa in tutto il mondo per il cibo e i vini. Studiare italiano a Torino significa esplorare la sua elegante architettura e vivace scena culturale. <a href=\"https:\/\/www.ciaoitaly-turin.com\/it\/scuola-di-italiano-a-torino.html\" target=\"_blank\" rel=\"noopener\">Scopri la nostra scuola a Torino<\/a><\/span><\/p>\n<p><b><a href=\"https:\/\/www.centropuccini.it\/it\/index.html\" target=\"_blank\" rel=\"noopener\">SCUOLA DI LINGUA ITALIANA A VIAREGGIO<\/a>: <\/b><span style=\"font-weight: 400;\">Viareggio, la perla della Riviera Toscana, offre il perfetto connubio tra apprendimento e svago. Studiare italiano a Viareggio significa imparare la lingua sulla spiaggia, godendo delle bellezze della primavera all\u2019autunno. <a href=\"https:\/\/www.centropuccini.it\/it\/centro-puccini-scuola-di-italiano-a-viareggio.html\" target=\"_blank\" rel=\"noopener\">Scopri la nostra scuola a Viareggio<\/a>.<\/span><\/p>\n","protected":false},"excerpt":{"rendered":"<p>La Scuola Leonardo da Vinci, fondata a Firenze nel 1977, integra l&#8217;insegnamento della lingua italiana con corsi culturali e di arte. Da sempre, la scuola promuove l&#8217;approfondimento della cultura italiana accanto all&#8217;apprendimento linguistico. Nel 1984, abbiamo aperto una sede a Roma e, nel 2004, una a Milano, situata nel centro storico in Corso di Porta [&hellip;]<\/p>\n","protected":false},"author":2,"featured_media":0,"parent":0,"menu_order":0,"comment_status":"closed","ping_status":"closed","template":"","meta":{"_et_pb_use_builder":"","_et_pb_old_content":"","_et_gb_content_width":"","footnotes":""},"class_list":["post-826","page","type-page","status-publish","hentry"],"yoast_head":"<!-- This site is optimized with the Yoast SEO plugin v24.2 - https:\/\/yoast.com\/wordpress\/plugins\/seo\/ -->\n<title>Le nostre Scuole di Italiano in Italia - Free Italian language level test<\/title>\n<meta name=\"robots\" content=\"index, follow, max-snippet:-1, max-image-preview:large, max-video-preview:-1\" \/>\n<link rel=\"canonical\" href=\"https:\/\/www.italian-language-test.com\/it\/le-nostre-scuole-di-italiano-in-italia\/\" \/>\n<meta property=\"og:locale\" content=\"it_IT\" \/>\n<meta property=\"og:type\" content=\"article\" \/>\n<meta property=\"og:title\" content=\"Le nostre Scuole di Italiano in Italia - Free Italian language level test\" \/>\n<meta property=\"og:description\" content=\"La Scuola Leonardo da Vinci, fondata a Firenze nel 1977, integra l&#8217;insegnamento della lingua italiana con corsi culturali e di arte. Da sempre, la scuola promuove l&#8217;approfondimento della cultura italiana accanto all&#8217;apprendimento linguistico. Nel 1984, abbiamo aperto una sede a Roma e, nel 2004, una a Milano, situata nel centro storico in Corso di Porta [&hellip;]\" \/>\n<meta property=\"og:url\" content=\"https:\/\/www.italian-language-test.com\/it\/le-nostre-scuole-di-italiano-in-italia\/\" \/>\n<meta property=\"og:site_name\" content=\"Free Italian language level test\" \/>\n<meta property=\"article:publisher\" content=\"https:\/\/www.facebook.com\/scuolaleonardoitaly\" \/>\n<meta property=\"article:modified_time\" content=\"2024-08-05T16:05:54+00:00\" \/>\n<meta name=\"twitter:card\" content=\"summary_large_image\" \/>\n<meta name=\"twitter:label1\" content=\"Tempo di lettura stimato\" \/>\n\t<meta name=\"twitter:data1\" content=\"2 minuti\" \/>\n<script type=\"application\/ld+json\" class=\"yoast-schema-graph\">{\"@context\":\"https:\/\/schema.org\",\"@graph\":[{\"@type\":\"WebPage\",\"@id\":\"https:\/\/www.italian-language-test.com\/it\/le-nostre-scuole-di-italiano-in-italia\/\",\"url\":\"https:\/\/www.italian-language-test.com\/it\/le-nostre-scuole-di-italiano-in-italia\/\",\"name\":\"Le nostre Scuole di Italiano in Italia - Free Italian language level test\",\"isPartOf\":{\"@id\":\"https:\/\/www.italian-language-test.com\/it\/#website\"},\"datePublished\":\"2024-03-12T16:13:32+00:00\",\"dateModified\":\"2024-08-05T16:05:54+00:00\",\"breadcrumb\":{\"@id\":\"https:\/\/www.italian-language-test.com\/it\/le-nostre-scuole-di-italiano-in-italia\/#breadcrumb\"},\"inLanguage\":\"it-IT\",\"potentialAction\":[{\"@type\":\"ReadAction\",\"target\":[\"https:\/\/www.italian-language-test.com\/it\/le-nostre-scuole-di-italiano-in-italia\/\"]}]},{\"@type\":\"BreadcrumbList\",\"@id\":\"https:\/\/www.italian-language-test.com\/it\/le-nostre-scuole-di-italiano-in-italia\/#breadcrumb\",\"itemListElement\":[{\"@type\":\"ListItem\",\"position\":1,\"name\":\"Home\",\"item\":\"https:\/\/www.italian-language-test.com\/it\/\"},{\"@type\":\"ListItem\",\"position\":2,\"name\":\"Le nostre Scuole di Italiano in Italia\"}]},{\"@type\":\"WebSite\",\"@id\":\"https:\/\/www.italian-language-test.com\/it\/#website\",\"url\":\"https:\/\/www.italian-language-test.com\/it\/\",\"name\":\"Free Italian language level test\",\"description\":\"Test your Italian online\",\"publisher\":{\"@id\":\"https:\/\/www.italian-language-test.com\/it\/#organization\"},\"potentialAction\":[{\"@type\":\"SearchAction\",\"target\":{\"@type\":\"EntryPoint\",\"urlTemplate\":\"https:\/\/www.italian-language-test.com\/it\/?s={search_term_string}\"},\"query-input\":{\"@type\":\"PropertyValueSpecification\",\"valueRequired\":true,\"valueName\":\"search_term_string\"}}],\"inLanguage\":\"it-IT\"},{\"@type\":\"Organization\",\"@id\":\"https:\/\/www.italian-language-test.com\/it\/#organization\",\"name\":\"Scuola Leonardo da Vinci\",\"url\":\"https:\/\/www.italian-language-test.com\/it\/\",\"logo\":{\"@type\":\"ImageObject\",\"inLanguage\":\"it-IT\",\"@id\":\"https:\/\/www.italian-language-test.com\/it\/#\/schema\/logo\/image\/\",\"url\":\"https:\/\/www.italian-language-test.com\/wp-content\/uploads\/2024\/07\/Test-Your-Italian-EN.jpg\",\"contentUrl\":\"https:\/\/www.italian-language-test.com\/wp-content\/uploads\/2024\/07\/Test-Your-Italian-EN.jpg\",\"width\":800,\"height\":800,\"caption\":\"Scuola Leonardo da Vinci\"},\"image\":{\"@id\":\"https:\/\/www.italian-language-test.com\/it\/#\/schema\/logo\/image\/\"},\"sameAs\":[\"https:\/\/www.facebook.com\/scuolaleonardoitaly\",\"https:\/\/www.instagram.com\/scuolaleonardoitaly\",\"https:\/\/www.youtube.com\/@italianinitaly\"]}]}<\/script>\n<!-- \/ Yoast SEO plugin. -->","yoast_head_json":{"title":"Le nostre Scuole di Italiano in Italia - Free Italian language level test","robots":{"index":"index","follow":"follow","max-snippet":"max-snippet:-1","max-image-preview":"max-image-preview:large","max-video-preview":"max-video-preview:-1"},"canonical":"https:\/\/www.italian-language-test.com\/it\/le-nostre-scuole-di-italiano-in-italia\/","og_locale":"it_IT","og_type":"article","og_title":"Le nostre Scuole di Italiano in Italia - Free Italian language level test","og_description":"La Scuola Leonardo da Vinci, fondata a Firenze nel 1977, integra l&#8217;insegnamento della lingua italiana con corsi culturali e di arte. Da sempre, la scuola promuove l&#8217;approfondimento della cultura italiana accanto all&#8217;apprendimento linguistico. Nel 1984, abbiamo aperto una sede a Roma e, nel 2004, una a Milano, situata nel centro storico in Corso di Porta [&hellip;]","og_url":"https:\/\/www.italian-language-test.com\/it\/le-nostre-scuole-di-italiano-in-italia\/","og_site_name":"Free Italian language level test","article_publisher":"https:\/\/www.facebook.com\/scuolaleonardoitaly","article_modified_time":"2024-08-05T16:05:54+00:00","twitter_card":"summary_large_image","twitter_misc":{"Tempo di lettura stimato":"2 minuti"},"schema":{"@context":"https:\/\/schema.org","@graph":[{"@type":"WebPage","@id":"https:\/\/www.italian-language-test.com\/it\/le-nostre-scuole-di-italiano-in-italia\/","url":"https:\/\/www.italian-language-test.com\/it\/le-nostre-scuole-di-italiano-in-italia\/","name":"Le nostre Scuole di Italiano in Italia - Free Italian language level test","isPartOf":{"@id":"https:\/\/www.italian-language-test.com\/it\/#website"},"datePublished":"2024-03-12T16:13:32+00:00","dateModified":"2024-08-05T16:05:54+00:00","breadcrumb":{"@id":"https:\/\/www.italian-language-test.com\/it\/le-nostre-scuole-di-italiano-in-italia\/#breadcrumb"},"inLanguage":"it-IT","potentialAction":[{"@type":"ReadAction","target":["https:\/\/www.italian-language-test.com\/it\/le-nostre-scuole-di-italiano-in-italia\/"]}]},{"@type":"BreadcrumbList","@id":"https:\/\/www.italian-language-test.com\/it\/le-nostre-scuole-di-italiano-in-italia\/#breadcrumb","itemListElement":[{"@type":"ListItem","position":1,"name":"Home","item":"https:\/\/www.italian-language-test.com\/it\/"},{"@type":"ListItem","position":2,"name":"Le nostre Scuole di Italiano in Italia"}]},{"@type":"WebSite","@id":"https:\/\/www.italian-language-test.com\/it\/#website","url":"https:\/\/www.italian-language-test.com\/it\/","name":"Free Italian language level test","description":"Test your Italian online","publisher":{"@id":"https:\/\/www.italian-language-test.com\/it\/#organization"},"potentialAction":[{"@type":"SearchAction","target":{"@type":"EntryPoint","urlTemplate":"https:\/\/www.italian-language-test.com\/it\/?s={search_term_string}"},"query-input":{"@type":"PropertyValueSpecification","valueRequired":true,"valueName":"search_term_string"}}],"inLanguage":"it-IT"},{"@type":"Organization","@id":"https:\/\/www.italian-language-test.com\/it\/#organization","name":"Scuola Leonardo da Vinci","url":"https:\/\/www.italian-language-test.com\/it\/","logo":{"@type":"ImageObject","inLanguage":"it-IT","@id":"https:\/\/www.italian-language-test.com\/it\/#\/schema\/logo\/image\/","url":"https:\/\/www.italian-language-test.com\/wp-content\/uploads\/2024\/07\/Test-Your-Italian-EN.jpg","contentUrl":"https:\/\/www.italian-language-test.com\/wp-content\/uploads\/2024\/07\/Test-Your-Italian-EN.jpg","width":800,"height":800,"caption":"Scuola Leonardo da Vinci"},"image":{"@id":"https:\/\/www.italian-language-test.com\/it\/#\/schema\/logo\/image\/"},"sameAs":["https:\/\/www.facebook.com\/scuolaleonardoitaly","https:\/\/www.instagram.com\/scuolaleonardoitaly","https:\/\/www.youtube.com\/@italianinitaly"]}]}},"_links":{"self":[{"href":"https:\/\/www.italian-language-test.com\/it\/wp-json\/wp\/v2\/pages\/826","targetHints":{"allow":["GET"]}}],"collection":[{"href":"https:\/\/www.italian-language-test.com\/it\/wp-json\/wp\/v2\/pages"}],"about":[{"href":"https:\/\/www.italian-language-test.com\/it\/wp-json\/wp\/v2\/types\/page"}],"author":[{"embeddable":true,"href":"https:\/\/www.italian-language-test.com\/it\/wp-json\/wp\/v2\/users\/2"}],"replies":[{"embeddable":true,"href":"https:\/\/www.italian-language-test.com\/it\/wp-json\/wp\/v2\/comments?post=826"}],"version-history":[{"count":9,"href":"https:\/\/www.italian-language-test.com\/it\/wp-json\/wp\/v2\/pages\/826\/revisions"}],"predecessor-version":[{"id":871,"href":"https:\/\/www.italian-language-test.com\/it\/wp-json\/wp\/v2\/pages\/826\/revisions\/871"}],"wp:attachment":[{"href":"https:\/\/www.italian-language-test.com\/it\/wp-json\/wp\/v2\/media?parent=826"}],"curies":[{"name":"wp","href":"https:\/\/api.w.org\/{rel}","templated":true}]}}